{"id":15630,"date":"2020-03-31T08:17:17","date_gmt":"2020-03-31T08:17:17","guid":{"rendered":"https:\/\/www.zfx.com\/san-pham-tong-quan\/qua-dem-tai-tro\/"},"modified":"2022-02-16T13:08:47","modified_gmt":"2022-02-16T13:08:47","slug":"overnight-funding","status":"publish","type":"page","link":"https:\/\/www.zfxvn.com\/vi\/product-overview\/overnight-funding\/","title":{"rendered":"Ph\u00ed qua \u0111\u00eam\/l\u00e3i su\u1ea5t qua \u0111\u00eam"},"content":{"rendered":"<style type=\"text\/css\">.overnight_funding-wrapp { \tfont-family: Open Sans, Microsoft YaHei, Helvetica, Arial, Lucida, sans-serif;\t}.header_overnight_funding {background-image: url(\/wp-content\/uploads\/2020\/02\/bg.jpg) !important;background-color: transparent;min-height: auto;padding-right: 16px;padding-left: 16px<br \/>\n\t\tmin-height: 313px;text-align: center;}.header_overnight_funding-intro {padding-top: 96px;padding-right: 0px;padding-bottom: 96px;\t\t}.header_overnight_funding h1 {color:  #fff;text-transform: ppercase;font-weight: 700;}.header_overnight_funding div {color:  #fff;font-size: 14px;font-weight: 100;}.overnight_funding-wrapp h4 {text-align: left;text-align: left;padding-top: 74px;padding-bottom: 20px;font-weight: bold;}.header_overnight_description {color: rgb(140, 150, 163);}.header_overnight_description-wrapp {max-width: 1080px;margin: 0 auto;}<\/style>\n<div class=\"overnight_funding-wrapp\">\n<div class=\"header_overnight_funding\">\n<div class=\"header_overnight_funding-intro\">\n<h1>Ph\u00ed qua \u0111\u00eam\/l\u00e3i su\u1ea5t qua \u0111\u00eam<\/h1>\n<div> N\u1ebfu b\u1ea1n gi\u1eef tr\u1ea1ng th\u00e1i m\u1edf qua \u0111\u00eam, t\u00e0i kho\u1ea3n giao d\u1ecbch c\u1ee7a b\u1ea1n c\u00f3 th\u1ec3 ph\u1ea3i tr\u1ea3 ho\u1eb7c nh\u1eadn \u0111\u01b0\u1ee3c m\u1ed9t kho\u1ea3n ph\u00ed qua \u0111\u00eam<\/div>\n<\/div>\n<\/div>\n<div class=\"header_overnight_description-wrapp\">\n<div>\n<h4 class=\"title-0\">M\u00f4 t\u1ea3 kho\u1ea3n ph\u00ed qua \u0111\u00eam:<\/h4>\n<\/div>\n<div class=\"header_overnight_description\">\n\n1. N\u1ebfu t\u00e0i kho\u1ea3n giao d\u1ecbch c\u1ee7a b\u1ea1n \u0111ang \u1edf tr\u1ea1ng th\u00e1i m\u1edf sau 22 gi\u1edd GMT+1 (th\u1eddi gian c\u1ee7a n\u1ec1n t\u1ea3ng giao d\u1ecbch), tu\u1ef3 thu\u1ed9c v\u00e0o c\u00e1c giao d\u1ecbch m\u1edf c\u1ee7a b\u1ea1n, b\u1ea1n c\u00f3 th\u1ec3 b\u1ecb t\u00ednh ph\u00ed ho\u1eb7c \u0111\u01b0\u1ee3c thanh to\u00e1n kho\u1ea3n ph\u00ed qua \u0111\u00eam.\n\n2. Tu\u1ef3 theo s\u1ea3n ph\u1ea9m b\u1ea1n giao d\u1ecbch, kh\u1ed1i l\u01b0\u1ee3ng giao d\u1ecbch v\u00e0 lo\u1ea1i l\u1ec7nh (d\u00e0i ho\u1eb7c ng\u1eafn), h\u1ec7 th\u1ed1ng s\u1ebd t\u1ef1 \u0111\u1ed9ng kh\u1ea5u tr\u1eeb ho\u1eb7c g\u1eedi s\u1ed1 ti\u1ec1n ph\u00ed t\u01b0\u01a1ng \u1ee9ng t\u1eeb ho\u1eb7c \u0111\u1ebfn t\u00e0i kho\u1ea3n giao d\u1ecbch c\u1ee7a b\u1ea1n.\n\n3. Xin l\u01b0u \u00fd, ph\u00ed qua \u0111\u00eam trong 3 ng\u00e0y c\u00f3 th\u1ec3 \u0111\u01b0\u1ee3c tr\u1eeb kh\u1ecfi ho\u1eb7c g\u1eedi v\u00e0o t\u00e0i kho\u1ea3n giao d\u1ecbch c\u1ee7a b\u1ea1n v\u00e0o t\u1ed1i th\u1ee9 t\u01b0 ho\u1eb7c th\u1ee9 s\u00e1u (tu\u1ef3 thu\u1ed9c v\u00e0o s\u1ea3n ph\u1ea9m \u0111\u01b0\u1ee3c giao d\u1ecbch).\n\n4. L\u1ecbch s\u1eed v\u00e0 t\u00ednh to\u00e1n m\u1ee9c ph\u00ed qua \u0111\u00eam:\n\n<\/div>\n<div>\n\t\t\t        <div id=\"interest\"><\/div>\n        <script>\n            document.addEventListener('readystatechange', function () {\n                if (document.readyState === 'complete') {\n                    window.app.interest({\n                        selector: '#interest',\n                        dir: document.documentElement.getAttribute('dir'),\n                        lang: document.documentElement.getAttribute('lang'),\n                        i18n: {\n                            locale: \"vi\",\n                            fallbackLocale: \"en\",\n                            messages: {\n                                \"vi\": {\n                                    \"accountTypes\": {\n                                        \"standard\": \"T\u00e0i kho\u1ea3n giao d\u1ecbch STP Ti\u00eau chu\u1ea9n\",\n                                        \"mini\": \"T\u00e0i kho\u1ea3n giao d\u1ecbch Mini\",\n                                        \"ecn\": \"T\u00e0i kho\u1ea3n giao d\u1ecbch ECN\",\n                                    },\n                                    \"productTypes\": {\n                                        \"fx\": \"Ngo\u1ea1i h\u1ed1i\",\n                                        \"commodities\": \"H\u00e0ng h\u00f3a\",\n                                        \"indices\": \"Ch\u1ec9 s\u1ed1\",\n                                        \"crypto\": \"Ti\u1ec1n \u0111i\u1ec7n t\u1eed\",\n                                        \"shares\": \"C\u1ed5 phi\u1ebfu\",\n                                    },\n                                    \"form\": {\n                                        \"labels\": {\n                                            \"type\": \"Lo\u1ea1i c\u00f4ng c\u1ee5\",\n                                            \"symbol\": \"K\u00fd hi\u1ec7u s\u1ea3n ph\u1ea9m\",\n                                            \"contract_size\": \"Quy m\u00f4 h\u1ee3p \u0111\u1ed3ng m\u1ed7i lot ti\u00eau chu\u1ea9n\",\n                                            \"interest_long\": \"L\u00e3i su\u1ea5t qua \u0111\u00eam (D\u00e0i h\u1ea1n)\",\n                                            \"interest_short\": \"L\u00e3i su\u1ea5t qua \u0111\u00eam (Ng\u1eafn h\u1ea1n)\",\n                                            \"instrument\": \"C\u00f4ng c\u1ee5 giao d\u1ecbch\",\n                                            \"rate\": \"T\u1ef7 l\u1ec7\",\n                                            \"trade_size\": \"Quy m\u00f4 giao d\u1ecbch\",\n                                            \"current_price\": \"Gi\u00e1 hi\u1ec7n t\u1ea1i\",\n                                            \"current_index\": \"Ch\u1ec9 s\u1ed1 hi\u1ec7n t\u1ea1i\",\n                                            \"time\": \"Gi\u1edd\",\n                                        },\n                                        \"links\": {\n                                            \"history\": {\n                                                \"text\": \"L\u1ecbch s\u1eed t\u1ef7 l\u1ec7 ph\u00ed qua \u0111\u00eam >>\",\n                                                \"href\": \"#\"\n                                            }\n                                        }\n                                    }\n                                }\n                            }\n                        }\n                    });\n                }\n            });\n        <\/script>\n        <\/div>\n<\/div>\n<\/div>","protected":false},"excerpt":{"rendered":"Ph\u00ed qua \u0111\u00eam\/l\u00e3i su\u1ea5t qua \u0111\u00eam N\u1ebfu b\u1ea1n gi\u1eef tr\u1ea1ng th\u00e1i m\u1edf qua \u0111\u00eam, t\u00e0i kho\u1ea3n giao d\u1ecbch c\u1ee7a b\u1ea1n c\u00f3 th\u1ec3 ph\u1ea3i tr\u1ea3 ho\u1eb7c nh\u1eadn \u0111\u01b0\u1ee3c m\u1ed9t kho\u1ea3n ph\u00ed qua \u0111\u00eam M\u00f4 t\u1ea3 kho\u1ea3n ph\u00ed qua \u0111\u00eam: 1. N\u1ebfu t\u00e0i kho\u1ea3n giao d\u1ecbch c\u1ee7a b\u1ea1n \u0111ang \u1edf tr\u1ea1ng th\u00e1i m\u1edf sau 22 gi\u1edd GMT+1 [&hellip;]","protected":false},"author":100,"featured_media":0,"parent":15606,"menu_order":0,"comment_status":"closed","ping_status":"closed","template":"","meta":{"_acf_changed":false,"footnotes":""},"class_list":["post-15630","page","type-page","status-publish","hentry"],"acf":[],"_links":{"self":[{"href":"https:\/\/www.zfxvn.com\/vi\/wp-json\/wp\/v2\/pages\/15630","targetHints":{"allow":["GET"]}}],"collection":[{"href":"https:\/\/www.zfxvn.com\/vi\/wp-json\/wp\/v2\/pages"}],"about":[{"href":"https:\/\/www.zfxvn.com\/vi\/wp-json\/wp\/v2\/types\/page"}],"author":[{"embeddable":true,"href":"https:\/\/www.zfxvn.com\/vi\/wp-json\/wp\/v2\/users\/100"}],"replies":[{"embeddable":true,"href":"https:\/\/www.zfxvn.com\/vi\/wp-json\/wp\/v2\/comments?post=15630"}],"version-history":[{"count":0,"href":"https:\/\/www.zfxvn.com\/vi\/wp-json\/wp\/v2\/pages\/15630\/revisions"}],"up":[{"embeddable":true,"href":"https:\/\/www.zfxvn.com\/vi\/wp-json\/wp\/v2\/pages\/15606"}],"wp:attachment":[{"href":"https:\/\/www.zfxvn.com\/vi\/wp-json\/wp\/v2\/media?parent=15630"}],"curies":[{"name":"wp","href":"https:\/\/api.w.org\/{rel}","templated":true}]}}