{"id":219027,"date":"2021-10-11T12:02:23","date_gmt":"2021-10-11T12:02:23","guid":{"rendered":"https:\/\/www.zfx.com\/?page_id=219027"},"modified":"2024-11-28T13:27:54","modified_gmt":"2024-11-28T13:27:54","slug":"indices","status":"publish","type":"page","link":"https:\/\/www.zfxvn.com\/vi\/products\/indices\/","title":{"rendered":"Ch\u1ec9 s\u1ed1"},"content":{"rendered":"<h1>Ch\u1ec9 s\u1ed1<\/h1>\nCh\u1ec9 s\u1ed1 ch\u1ee9ng kho\u00e1n l\u00e0 th\u01b0\u1edbc \u0111o c\u1ee7a hi\u1ec7u su\u1ea5t t\u1ed5ng th\u1ec3 c\u1ee7a c\u00e1c th\u1ecb tr\u01b0\u1eddng ch\u1ee9ng kho\u00e1n, v\u1edbi ZFX qu\u00fd kh\u00e1ch c\u00f3 th\u1ec3 giao d\u1ecbch hi\u1ec7u qu\u1ea3 c\u1ee7a th\u1ecb tr\u01b0\u1eddng ch\u1ee9ng kho\u00e1n b\u1eb1ng ch\u1ec9 s\u1ed1 CFDs.\n\nZFX cung c\u1ea5p r\u1ea5t nhi\u1ec1u lo\u1ea1i t\u00e0i kho\u1ea3n d\u00e0nh cho giao d\u1ecbch CFDs ch\u1ec9 s\u1ed1 ch\u1ee9ng kho\u00e1n, nh\u1eefng lo\u1ea1i t\u00e0i kho\u1ea3n n\u00e0y ph\u00f9 h\u1ee3p v\u1edbi c\u1ea3 c\u00e1c nh\u00e0 giao d\u1ecbch m\u1edbi l\u1eabn nh\u1eefng ng\u01b0\u1eddi \u0111\u00e3 c\u00f3 kinh nghi\u1ec7m.\n\n<a href=\"https:\/\/my.zfx.com\/vi\/reg\/truely\" role=\"button\">\nM\u1edf t\u00e0i kho\u1ea3n Live\n<\/a>\n<a href=\"https:\/\/my.zfx.com\/vi\/reg\/truely\" role=\"button\">\nM\u1edf t\u00e0i kho\u1ea3n Demo\n<\/a>\n<script><br \/>\n\t\t\tfunction symbolsTableIframeOnLoad() {<br \/>\n\t\t\t\tvar lang = \"vi\";<br \/>\n\t\t\t\tvar langUrlPath = lang || 'en';<br \/>\n\t\t\t\tvar symbolsTableIframe = document.getElementById('symbols-table__iframe');<br \/>\n\t\t\t\tvar data = {<br \/>\n\t\t\t\t\tel: '#symbols-table',<br \/>\n\t\t\t\t\tdir: document.documentElement.getAttribute('dir'),<br \/>\n\t\t\t\t\tlang: document.documentElement.getAttribute('lang'),<br \/>\n\t\t\t\t\tlangUrlPath: langUrlPath,<br \/>\n\t\t\t\t\tpannel: {<br \/>\n\t\t\t\t\t\t\/\/ enabled: false,<br \/>\n\t\t\t\t\t\ttabs: [{<br \/>\n\t\t\t\t\t\t\t\ttext: 'Most Traded',<br \/>\n\t\t\t\t\t\t\t\thref: \"https:\/\/\" +\"www\" + \".\" + \"zfx\" + \".\" + \"com\"  + '\/product\/hot',<br \/>\n\t\t\t\t\t\t\t\t\/\/ nativeLink: false<br \/>\n\t\t\t\t\t\t\t},<br \/>\n\t\t\t\t\t\t\t{<br \/>\n\t\t\t\t\t\t\t\ttext: 'Risers & Fallers',<br \/>\n\t\t\t\t\t\t\t\thref: \"https:\/\/\" +\"www\" + \".\" + \"zfx\" + \".\" + \"com\"  + '\/product\/rise',<br \/>\n\t\t\t\t\t\t\t\t\/\/ nativeLink: false<br \/>\n\t\t\t\t\t\t\t},<br \/>\n\t\t\t\t\t\t\t{<br \/>\n\t\t\t\t\t\t\t\ttext: 'Movers',<br \/>\n\t\t\t\t\t\t\t\thref: \"https:\/\/\" +\"www\" + \".\" + \"zfx\" + \".\" + \"com\"  + '\/product\/wave',<br \/>\n\t\t\t\t\t\t\t\t\/\/ nativeLink: false<br \/>\n\t\t\t\t\t\t\t}<br \/>\n\t\t\t\t\t\t],<br \/>\n\t\t\t\t\t\tlinks: [{<br \/>\n\t\t\t\t\t\t\ttext: 'Contract Specifications >>',<br \/>\n\t\t\t\t\t\t\thref: window.location.origin + '\/' + langUrlPath + '\/product-overview\/contract-specifications\/'<br \/>\n\t\t\t\t\t\t}]<br \/>\n\t\t\t\t\t},<br \/>\n\t\t\t\t\ttable: {<br \/>\n\t\t\t\t\t\ttrOnClick: true,<br \/>\n\t\t\t\t\t\tajaxURL: \"https:\/\/\" +\"www\" + \".\" + \"zfx\" + \".\" + \"com\"  + '\/product\/hot',<br \/>\n\t\t\t\t\t\twsURL: 'wss:\/\/cdn-wsdemo.zfx.cn\/websocket',<br \/>\n\t\t\t\t\t\tpubKey: 'MIGfMA0GCSqGSIb3DQEBAQUAA4GNADCBiQKBgQCHfsq\/H1VSF7DBs2 \/YQnZW6MSBus0p4mvPNa4U1CHPM1xZcaQ0tWUItYu79GgGdRv684UTgPQtNTZOSi5poJnvLSBGG540dDDDCfVKqZ26m8vP5XEF2CZJcmJE9YjA \/F6T21vr31BPD75GJDHz5sEgubh09mDPZRr7fu8nDOqoqwIDAQAB',<br \/>\n\t\t\t\t\t\tsymbol_type: 3,\t\t\t\t\t\tpage_size: 8,<br \/>\n\t\t\t\t\t\tsymbol: {<br \/>\n\t\t\t\t\t\t\tthead: 'Instrument'<br \/>\n\t\t\t\t\t\t},<br \/>\n\t\t\t\t\t\task: {<br \/>\n\t\t\t\t\t\t\tthead: 'Sell'<br \/>\n\t\t\t\t\t\t},<br \/>\n\t\t\t\t\t\tbid: {<br \/>\n\t\t\t\t\t\t\tthead: 'Buy'<br \/>\n\t\t\t\t\t\t},<br \/>\n\t\t\t\t\t\tchange: {<br \/>\n\t\t\t\t\t\t\tthead: 'Change',<br \/>\n\t\t\t\t\t\t\tenabled: true<br \/>\n\t\t\t\t\t\t},<br \/>\n\t\t\t\t\t\tchart: {<br \/>\n\t\t\t\t\t\t\tthead: 'Chart',<br \/>\n\t\t\t\t\t\t\tenabled: true<br \/>\n\t\t\t\t\t\t},<br \/>\n\t\t\t\t\t\tsentiment: {<br \/>\n\t\t\t\t\t\t\tthead: 'Sentiment',<br \/>\n\t\t\t\t\t\t\tlong: 'Long',<br \/>\n\t\t\t\t\t\t\tshort: 'Short',<br \/>\n\t\t\t\t\t\t\tenabled: true<br \/>\n\t\t\t\t\t\t}<br \/>\n\t\t\t\t\t},<br \/>\n\t\t\t\t\tbuttons: {<br \/>\n\t\t\t\t\t\tlist: {<br \/>\n\t\t\t\t\t\t\tseeMore: {<br \/>\n\t\t\t\t\t\t\t\ttext: 'See more products',<br \/>\n\t\t\t\t\t\t\t\tactiveText: 'See more products',<br \/>\n\t\t\t\t\t\t\t\tstep: 8 \/\/ Step to download additional data<br \/>\n\t\t\t\t\t\t\t\t\/\/ enabled: false \/\/ Show or hide action button => Default value: true<br \/>\n\t\t\t\t\t\t\t}<br \/>\n\t\t\t\t\t\t}<br \/>\n\t\t\t\t\t},<br \/>\n\t\t\t\t\tprogressBar: false,<br \/>\n\t\t\t\t\tdebug: false<br \/>\n\t\t\t\t};<br \/>\n\t\t\t\tsymbolsTableIframe.contentWindow.postMessage(data, '*');<br \/>\n\t\t\t}<br \/>\n\t\t<\/script>\n<iframe src=\"\/wp-content\/themes\/zfx\/assets\/up_\/iframes\/symbols-table__iframe.html?ver=1.27.0:e6d02544\" class=\"symbols-table__iframe\" id=\"symbols-table__iframe\" style=\"border: 0;\" onload=\"javascript:symbolsTableIframeOnLoad();\"><\/iframe>\n<h2>T\u00ecm hi\u1ec3u th\u00eam v\u1ec1 giao d\u1ecbch ch\u1ec9 s\u1ed1<\/h2>\n<div class=\"faq\">\n<div class=\"container faq__container container--content container--layout\">\n\t\t\t\t\t<main class=\"faq__main\">\n<div class=\"tab-content tab-content--custom\" id=\"v-faq-pills-tabContent\">\n<div class=\"tab-pane fade active show\" id=\"v-pills-about\" role=\"tabpanel\" aria-labelledby=\"v-faq-pills-tabContent\">\n<div class=\"accordion accordion--custom\" id=\"faq-accordion\">\n<div class=\"card\">\n<div class=\"card-header\" id=\"faq-accordion-heading--50628\">\n<h3 class=\"card-header__title\">\n\t\t\t\t\t\t\t\t\t\t\t\t\t<button class=\"btn btn-link collapsed\" type=\"button\" data-toggle=\"collapse\" data-target=\"#faq-collapse--50628\" aria-expanded=\"false\" aria-controls=\"faq-collapse--50628\">\n<span class=\"btn__text\">CFD ch\u1ec9 s\u1ed1 l\u00e0 g\u00ec?<\/span>\n<span class=\"btn__icon\">\n<svg class=\"icon icon-plus\" xmlns:xlink=\"http:\/\/www.w3.org\/1999\/xlink\">\n<\/br>\n\t\t\t\t\t\t\t\t\t\t\t\t\t\t\t\t<use xlink:href=\"#icon-plus-academy-faq-acardion\"><\/use>\n<\/br>\n\t\t\t\t\t\t\t\t\t\t\t\t\t\t\t<\/svg>\n<svg class=\"icon icon-minus\" xmlns:xlink=\"http:\/\/www.w3.org\/1999\/xlink\">\n<\/br>\n\t\t\t\t\t\t\t\t\t\t\t\t\t\t\t\t<use xlink:href=\"#icon-minus-academy-faq-acardion\"><\/use>\n<\/br>\n\t\t\t\t\t\t\t\t\t\t\t\t\t\t\t<\/svg>\n<\/span>\n<\/button><\/h3>\n<\/div>\n<div class=\"collapse\" id=\"faq-collapse--50628\" aria-labelledby=\"faq-accordion-heading--50628\" data-parent=\"#faq-accordion\" style=\"\">\n<div class=\"card-body\">\n\nCh\u1ec9 s\u1ed1 ch\u1ee9ng kho\u00e1n l\u00e0 th\u01b0\u1edbc \u0111o hi\u1ec7u su\u1ea5t t\u1ed5ng th\u1ec3 c\u1ee7a th\u1ecb tr\u01b0\u1eddng ch\u1ee9ng kho\u00e1n. N\u00f3i m\u1ed9t c\u00e1ch \u0111\u1ea1i kh\u00e1i, ch\u1ec9 s\u1ed1 gi\u00fap c\u00e1c nh\u00e0 giao d\u1ecbch hi\u1ec3u c\u00e1ch th\u1ecb tr\u01b0\u1eddng \u0111ang v\u1eadn \u0111\u1ed9ng \u2013 v\u00e0 \u0111\u01b0a ra d\u1ef1 \u0111o\u00e1n cho t\u01b0\u01a1ng lai.\n\nQu\u00fd kh\u00e1ch c\u00f3 th\u1ec3 s\u1eed d\u1ee5ng CFD (H\u1ee3p \u0111\u1ed3ng ch\u00eanh l\u1ec7ch) \u0111\u1ec3 suy \u0111o\u00e1n c\u00e1c ch\u1ec9 s\u1ed1 ch\u1ee9ng kho\u00e1n. Khi th\u1ef1c hi\u1ec7n m\u1ed9t v\u1ecb th\u1ebf CFD, m\u1ed9t nh\u00e0 giao d\u1ecbch v\u1ec1 c\u01a1 b\u1ea3n l\u00e0 \u0111\u1ed3ng \u00fd trao \u0111\u1ed5i s\u1ef1 kh\u00e1c bi\u1ec7t v\u1ec1 gi\u00e1 c\u1ee7a m\u1ed9t ch\u1ec9 s\u1ed1 t\u1eeb kho\u1ea3ng th\u1eddi gian n\u00e0y sang kho\u1ea3ng th\u1eddi gian kh\u00e1c. Ch\u1ec9 s\u1ed1 giao d\u1ecbch CFD r\u1ea5t ph\u1ed5 bi\u1ebfn, ch\u00fang c\u00f3 s\u1eb5n cho t\u1ea5t c\u1ea3 c\u00e1c ch\u1ec9 s\u1ed1 ch\u00ednh tr\u00ean kh\u1eafp th\u1ebf gi\u1edbi, cho ph\u00e9p c\u00e1c nh\u00e0 giao d\u1ecbch tham gia v\u00e0o th\u1ecb tr\u01b0\u1eddng th\u1ebf gi\u1edbi b\u1ea5t k\u1ec3 l\u00e0 \u1edf \u0111\u00e2u.\n\n<\/div>\n<\/div>\n<\/div>\n<div class=\"card\">\n<div class=\"card-header\" id=\"faq-accordion-heading--50626\">\n<h3 class=\"card-header__title\">\n\t\t\t\t\t\t\t\t\t\t\t\t\t<button class=\"btn btn-link collapsed\" type=\"button\" data-toggle=\"collapse\" data-target=\"#faq-collapse--50626\" aria-expanded=\"false\" aria-controls=\"faq-collapse--50626\">\n<span class=\"btn__text\">\u01afu \u0111i\u1ec3m khi giao d\u1ecbch CFD ch\u1ec9 s\u1ed1 l\u00e0 g\u00ec?<\/span>\n<span class=\"btn__icon\">\n<svg class=\"icon icon-plus\" xmlns:xlink=\"http:\/\/www.w3.org\/1999\/xlink\">\n<\/br>\n\t\t\t\t\t\t\t\t\t\t\t\t\t\t\t\t<use xlink:href=\"#icon-plus-academy-faq-acardion\"><\/use>\n<\/br>\n\t\t\t\t\t\t\t\t\t\t\t\t\t\t\t<\/svg>\n<svg class=\"icon icon-minus\" xmlns:xlink=\"http:\/\/www.w3.org\/1999\/xlink\">\n<\/br>\n\t\t\t\t\t\t\t\t\t\t\t\t\t\t\t\t<use xlink:href=\"#icon-minus-academy-faq-acardion\"><\/use>\n<\/br>\n\t\t\t\t\t\t\t\t\t\t\t\t\t\t\t<\/svg>\n<\/span>\n<\/button><\/h3>\n<\/div>\n<div class=\"collapse\" id=\"faq-collapse--50626\" aria-labelledby=\"faq-accordion-heading--50626\" data-parent=\"#faq-accordion\" style=\"\">\n<div class=\"card-body\">\n\n<strong>M\u1ed9t \u0111i\u1ec3m kh\u1edfi \u0111\u1ea7u tuy\u1ec7t v\u1eddi cho th\u1ebf gi\u1edbi giao d\u1ecbch:<\/strong> Ch\u1ec9 s\u1ed1 CFD l\u00e0 m\u1ed9t gi\u1edbi thi\u1ec7u tuy\u1ec7t v\u1eddi cho giao d\u1ecbch v\u00ec ch\u00fang tu\u00e2n theo c\u00e1c th\u1ecb tr\u01b0\u1eddng to\u00e0n c\u1ea7u quan tr\u1ecdng.\n\n<strong>\u00cdt r\u1ee7i ro h\u01a1n so v\u1edbi giao d\u1ecbch c\u1ed5 phi\u1ebfu ri\u00eang l\u1ebb:<\/strong> V\u1edbi CFD ch\u1ec9 s\u1ed1, qu\u00fd kh\u00e1ch \u0111ang ph\u00e2n t\u00e1n r\u1ee7i ro c\u1ee7a m\u00ecnh tr\u00ean to\u00e0n th\u1ecb tr\u01b0\u1eddng, thay v\u00ec m\u1ed9t c\u00f4ng ty duy nh\u1ea5t.\n\n<strong>T\u0103ng v\u1ed1n c\u1ee7a m\u00ecnh:<\/strong> Qu\u00fd kh\u00e1ch ch\u1ec9 c\u1ea7n m\u1ed9t kho\u1ea3n ti\u1ec1n nh\u1ecf v\u00e0 t\u1eadn d\u1ee5ng CFD \u0111\u1ec3 gia t\u0103ng th\u00eam l\u1ee3i nhu\u1eadn c\u1ee7a m\u00ecnh.\n\n<\/div>\n<\/div>\n<\/div>\n<div class=\"card\">\n<div class=\"card-header\" id=\"faq-accordion-heading--50624\">\n<h3 class=\"card-header__title\">\n\t\t\t\t\t\t\t\t\t\t\t\t\t<button class=\"btn btn-link collapsed\" type=\"button\" data-toggle=\"collapse\" data-target=\"#faq-collapse--50624\" aria-expanded=\"false\" aria-controls=\"faq-collapse--50624\">\n<span class=\"btn__text\">CFD ch\u1ec9 s\u1ed1 ho\u1ea1t \u0111\u1ed9ng nh\u01b0 th\u1ebf n\u00e0o?<\/span>\n<span class=\"btn__icon\">\n<svg class=\"icon icon-plus\" xmlns:xlink=\"http:\/\/www.w3.org\/1999\/xlink\">\n<\/br>\n\t\t\t\t\t\t\t\t\t\t\t\t\t\t\t\t<use xlink:href=\"#icon-plus-academy-faq-acardion\"><\/use>\n<\/br>\n\t\t\t\t\t\t\t\t\t\t\t\t\t\t\t<\/svg>\n<svg class=\"icon icon-minus\" xmlns:xlink=\"http:\/\/www.w3.org\/1999\/xlink\">\n<\/br>\n\t\t\t\t\t\t\t\t\t\t\t\t\t\t\t\t<use xlink:href=\"#icon-minus-academy-faq-acardion\"><\/use>\n<\/br>\n\t\t\t\t\t\t\t\t\t\t\t\t\t\t\t<\/svg>\n<\/span>\n<\/button><\/h3>\n<\/div>\n<div class=\"collapse\" id=\"faq-collapse--50624\" aria-labelledby=\"faq-accordion-heading--50624\" data-parent=\"#faq-accordion\" style=\"\">\n<div class=\"card-body\">\n\nCFD l\u00e0 H\u1ee3p \u0111\u1ed3ng ch\u00eanh l\u1ec7ch, \u0111\u00f3 l\u00e0 s\u1ea3n ph\u1ea9m t\u00e0i ch\u00ednh cho ph\u00e9p qu\u00fd kh\u00e1ch suy \u0111o\u00e1n v\u1ec1 nh\u1eefng thay \u0111\u1ed5i trong t\u01b0\u01a1ng lai tr\u00ean th\u1ecb tr\u01b0\u1eddng. Ch\u1ec9 s\u1ed1 ch\u1ee9ng kho\u00e1n \u0111o l\u01b0\u1eddng hi\u1ec7u su\u1ea5t gi\u00e1 c\u1ee7a th\u1ecb tr\u01b0\u1eddng ch\u1ee9ng kho\u00e1n to\u00e0n c\u1ea7u. V\u00ec v\u1eady, khi giao d\u1ecbch ch\u1ec9 s\u1ed1 v\u1edbi CFD, qu\u00fd kh\u00e1ch \u0111\u1ed3ng \u00fd \u0111\u1ec3 trao \u0111\u1ed5i s\u1ef1 kh\u00e1c bi\u1ec7t v\u1ec1 gi\u00e1 c\u1ee7a m\u1ed9t ch\u1ec9 s\u1ed1 t\u1eeb kho\u1ea3ng th\u1eddi gian n\u00e0y sang kho\u1ea3ng th\u1eddi gian kh\u00e1c. \u0110i\u1ec1u n\u00e0y CFD mang l\u1ea1i l\u1ee3i th\u1ebf cung c\u1ea5p l\u1ee3i nhu\u1eadn ti\u1ec1m n\u0103ng l\u1edbn cho c\u00e1c nh\u00e0 giao d\u1ecbch.\n\nV\u1edbi c\u00e1c ch\u1ec9 s\u1ed1 ch\u00ednh, m\u1ee9c k\u00fd qu\u1ef9 th\u01b0\u1eddng kho\u1ea3ng t\u1eeb 1 \u0111\u1ebfn 3% gi\u00e1 tr\u1ecb c\u1ee7a ch\u1ec9 s\u1ed1. V\u1edbi m\u1ee9c k\u00fd qu\u1ef9 1%, qu\u00fd kh\u00e1ch ch\u1ec9 c\u1ea7n 1,000$ ti\u1ec1n m\u1eb7t \u0111\u1ec3 t\u1eadn d\u1ee5ng 100.000$ tr\u00ean CFD ch\u1ec9 s\u1ed1. \u0110\u00e2y l\u00e0 \u0111i\u1ec1u khi\u1ebfn CFD tr\u1edf n\u00ean h\u1ea5p d\u1eabn \u0111\u1ed1i v\u1edbi c\u00e1c nh\u00e0 giao d\u1ecbch \u2013 qu\u00fd kh\u00e1ch c\u00f3 th\u1ec3 l\u00e0m cho s\u1ed1 v\u1ed1n c\u1ee7a m\u00ecnh \u0111i xa h\u01a1n m\u00e0 kh\u00f4ng ph\u1ea3i ch\u1ecbu r\u1ee7i ro khi \u0111\u1ea7u t\u01b0 v\u00e0o m\u1ed9t c\u00f4ng ty.\n\n<\/div>\n<\/div>\n<\/div>\n<div class=\"card\">\n<div class=\"card-header\" id=\"faq-accordion-heading--50622\">\n<h3 class=\"card-header__title\">\n\t\t\t\t\t\t\t\t\t\t\t\t\t<button class=\"btn btn-link collapsed\" type=\"button\" data-toggle=\"collapse\" data-target=\"#faq-collapse--50622\" aria-expanded=\"false\" aria-controls=\"faq-collapse--50622\">\n<span class=\"btn__text\">L\u00e0m c\u00e1ch n\u00e0o \u0111\u1ec3 t\u00f4i b\u1eaft \u0111\u1ea7u giao d\u1ecbch CFD ch\u1ec9 s\u1ed1 v\u1edbi ZFX?<\/span>\n<span class=\"btn__icon\">\n<svg class=\"icon icon-plus\" xmlns:xlink=\"http:\/\/www.w3.org\/1999\/xlink\">\n<\/br>\n\t\t\t\t\t\t\t\t\t\t\t\t\t\t\t\t<use xlink:href=\"#icon-plus-academy-faq-acardion\"><\/use>\n<\/br>\n\t\t\t\t\t\t\t\t\t\t\t\t\t\t\t<\/svg>\n<svg class=\"icon icon-minus\" xmlns:xlink=\"http:\/\/www.w3.org\/1999\/xlink\">\n<\/br>\n\t\t\t\t\t\t\t\t\t\t\t\t\t\t\t\t<use xlink:href=\"#icon-minus-academy-faq-acardion\"><\/use>\n<\/br>\n\t\t\t\t\t\t\t\t\t\t\t\t\t\t\t<\/svg>\n<\/span>\n<\/button><\/h3>\n<\/div>\n<div class=\"collapse\" id=\"faq-collapse--50622\" aria-labelledby=\"faq-accordion-heading--50622\" data-parent=\"#faq-accordion\" style=\"\">\n<div class=\"card-body\">\n\nGiao d\u1ecbch CFD ch\u1ec9 s\u1ed1 t\u1ea1i ZFX \u0111\u01a1n gi\u1ea3n ch\u1ec9 v\u1edbi 3 b\u01b0\u1edbc.\n\n\u0110\u1ea7u ti\u00ean, b\u01b0\u1edbc 1 qu\u00fd kh\u00e1ch <a href=\"https:\/\/www.zfx.com\/vi\/accounts\/\"><span style=\"text-decoration: underline;\"><strong>\u0111\u0103ng k\u00fd m\u1ed9t t\u00e0i kho\u1ea3n giao d\u1ecbch<\/strong><\/span><\/a> v\u1edbi ZFX, qu\u00e1 tr\u00ecnh th\u1ef1c hi\u1ec7n ch\u1ec9 m\u1ea5t v\u00e0i ph\u00fat v\u00e0 c\u00f3 th\u1ec3 \u0111\u01b0\u1ee3c th\u1ef1c hi\u1ec7n tr\u1ef1c tuy\u1ebfn.B\u01b0\u1edbc 2: Qu\u00fd kh\u00e1ch c\u1ea7n \u0111i\u1ec1n \u0111\u1ea7y \u0111\u1ee7 th\u00f4ng tin c\u00e1 nh\u00e2n v\u00e0 x\u00e1c minh danh t\u00ednh.\nB\u01b0\u1edbc 3: K\u00fd qu\u1ef9 v\u00e0 b\u1eaft \u0111\u1ea7u giao d\u1ecbch c\u00f9ng ZFX ngay. S\u1ed1 ti\u1ec1n g\u1eedi t\u1ed1i thi\u1ec3u t\u00f9y thu\u1ed9c v\u00e0o t\u00e0i kho\u1ea3n m\u00e0 qu\u00fd kh\u00e1ch ch\u1ecdn (15$ l\u00e0 m\u1ee9c t\u1ed1i thi\u1ec3u cho t\u00e0i kho\u1ea3n Mini).\n\nSau khi k\u00fd qu\u1ef9 th\u00e0nh c\u00f4ng v\u00e0o t\u00e0i kho\u1ea3n l\u00e0 qu\u00fd kh\u00e1ch \u0111\u00e3 s\u1eb5n s\u00e0ng \u0111\u1ec3 giao d\u1ecbch! Ch\u1ec9 c\u1ea7n t\u1ea3i xu\u1ed1ng n\u1ec1n t\u1ea3ng giao d\u1ecbch ZFX v\u00e0 b\u1eaft \u0111\u1ea7u giao d\u1ecbch tr\u00ean th\u1ecb tr\u01b0\u1eddng CFD ch\u1ec9 s\u1ed1 ngay.\n\n<\/div>\n<\/div>\n<\/div>\n<div class=\"card\">\n<div class=\"card-header\" id=\"faq-accordion-heading--50619\">\n<h3 class=\"card-header__title\">\n\t\t\t\t\t\t\t\t\t\t\t\t\t<button class=\"btn btn-link collapsed\" type=\"button\" data-toggle=\"collapse\" data-target=\"#faq-collapse--50619\" aria-expanded=\"false\" aria-controls=\"faq-collapse--50619\">\n<span class=\"btn__text\">C\u00e1c ch\u1ec9 s\u1ed1 ch\u1ee9ng kho\u00e1n n\u00e0o ph\u1ed5 bi\u1ebfn \u0111\u1ec3 giao d\u1ecbch?<\/span>\n<span class=\"btn__icon\">\n<svg class=\"icon icon-plus\" xmlns:xlink=\"http:\/\/www.w3.org\/1999\/xlink\">\n<\/br>\n\t\t\t\t\t\t\t\t\t\t\t\t\t\t\t\t<use xlink:href=\"#icon-plus-academy-faq-acardion\"><\/use>\n<\/br>\n\t\t\t\t\t\t\t\t\t\t\t\t\t\t\t<\/svg>\n<svg class=\"icon icon-minus\" xmlns:xlink=\"http:\/\/www.w3.org\/1999\/xlink\">\n<\/br>\n\t\t\t\t\t\t\t\t\t\t\t\t\t\t\t\t<use xlink:href=\"#icon-minus-academy-faq-acardion\"><\/use>\n<\/br>\n\t\t\t\t\t\t\t\t\t\t\t\t\t\t\t<\/svg>\n<\/span>\n<\/button><\/h3>\n<\/div>\n<div class=\"collapse\" id=\"faq-collapse--50619\" aria-labelledby=\"faq-accordion-heading--50619\" data-parent=\"#faq-accordion\" style=\"\">\n<div class=\"card-body\">\n\nC\u00e1c ch\u1ec9 s\u1ed1 ch\u1ee9ng kho\u00e1n ph\u1ed5 bi\u1ebfn nh\u1ea5t l\u00e0 top 5 th\u1ecb tr\u01b0\u1eddng to\u00e0n c\u1ea7u h\u00e0ng \u0111\u1ea7u.\n\n\u0110\u1ea7u ti\u00ean, c\u00f3 <strong>Standard &amp; Poor\u2019s 500<\/strong> (g\u1ecdi t\u1eaft l\u00e0 S&amp;P 500). \u0110\u00e2y l\u00e0 ch\u1ec9 s\u1ed1 th\u1ecb tr\u01b0\u1eddng ch\u1ee9ng kho\u00e1n M\u1ef9 d\u1ef1a tr\u00ean gi\u00e1 tr\u1ecb v\u1ed1n h\u00f3a th\u1ecb tr\u01b0\u1eddng c\u1ee7a 500 c\u00f4ng ty l\u1edbn nh\u1ea5t \u0111\u01b0\u1ee3c ni\u00eam y\u1ebft tr\u00ean S\u1edf giao d\u1ecbch ch\u1ee9ng kho\u00e1n New York (NYSE) ho\u1eb7c NASDAQ. S&amp;P 500 r\u1ea5t \u0111a d\u1ea1ng v\u00e0 ch\u1ee9a nhi\u1ec1u th\u00e0nh ph\u1ea7n h\u01a1n c\u00e1c ch\u1ec9 s\u1ed1 kh\u00e1c c\u1ee7a Hoa K\u1ef3. chi\u1ebfm kho\u1ea3ng 80% t\u1ed5ng gi\u00e1 tr\u1ecb c\u1ee7a c\u00e1c th\u1ecb tr\u01b0\u1eddng ch\u1ee9ng kho\u00e1n M\u1ef9.\n\nSau \u0111\u00f3, c\u00f3 Ch\u1ec9 s\u1ed1 Trung b\u00ecnh C\u00f4ng nghi\u1ec7p <strong>Dow Jones<\/strong>, ho\u1eb7c Dow, l\u00e0 m\u1ed9t ch\u1ec9 s\u1ed1 th\u1ecb tr\u01b0\u1eddng ch\u1ee9ng kho\u00e1n kh\u00e1c \u0111o l\u01b0\u1eddng hi\u1ec7u su\u1ea5t c\u1ee7a 30 c\u00f4ng ty l\u1edbn nh\u1ea5t c\u1ee7a M\u1ef9.\n\nM\u1ed9t ch\u1ec9 s\u1ed1 ph\u1ed5 bi\u1ebfn kh\u00e1c l\u00e0 <strong>Financial Times Stock Exchange Index 100<\/strong> (FTSE 100). Ch\u1ec9 s\u1ed1 n\u00e0y \u0111\u1ea1i di\u1ec7n cho 100 c\u00f4ng ty giao d\u1ecbch h\u00e0ng \u0111\u1ea7u tr\u00ean th\u1ecb tr\u01b0\u1eddng V\u01b0\u01a1ng qu\u1ed1c Anh.\n\n<strong>NASDAQ 100<\/strong> r\u1ea5t gi\u1ed1ng v\u1edbi FTSE 100, ho\u1ea1t \u0111\u1ed9ng nh\u01b0 m\u1ed9t phong v\u0169 bi\u1ec3u c\u1ee7a 100 c\u00f4ng ty h\u00e0ng \u0111\u1ea7u c\u1ee7a Hoa K\u1ef3. N\u00f3 l\u00e0 vi\u1ebft t\u1eaft c\u1ee7a H\u1ec7 th\u1ed1ng B\u00e1o gi\u00e1 T\u1ef1 \u0111\u1ed9ng c\u1ee7a Hi\u1ec7p h\u1ed9i C\u00e1c Nh\u00e0 kinh doanh Ch\u1ee9ng kho\u00e1n Qu\u1ed1c gia v\u00e0 l\u00e0 s\u00e0n giao d\u1ecbch ch\u1ee9ng kho\u00e1n l\u1edbn th\u1ee9 hai th\u1ebf gi\u1edbi d\u1ef1a tr\u00ean v\u1ed1n h\u00f3a th\u1ecb tr\u01b0\u1eddng. Th\u00f4ng th\u01b0\u1eddng, NASDAQ t\u1eadp h\u1ee3p c\u00e1c c\u00f4ng ty c\u00f4ng ngh\u1ec7 l\u1edbn bao g\u1ed3m Cisco, Microsoft, Apple v\u00e0 Dell.\n\nCu\u1ed1i c\u00f9ng l\u00e0 <strong>DAX<\/strong>, ho\u1eb7c c\u00f2n g\u1ecdi l\u00e0 Deutscher Aktienindex. Ch\u1ec9 s\u1ed1 th\u1ecb tr\u01b0\u1eddng ch\u1ee9ng kho\u00e1n \u0110\u1ee9c n\u00e0y bao g\u1ed3m 30 trong s\u1ed1 c\u00e1c c\u00f4ng ty l\u1edbn c\u1ee7a \u0110\u1ee9c giao d\u1ecbch tr\u00ean S\u1edf giao d\u1ecbch ch\u1ee9ng kho\u00e1n Frankfurt. T\u00f3m l\u1ea1i, n\u0103m ch\u1ec9 s\u1ed1 ch\u1ee9ng kho\u00e1n n\u00e0y \u0111\u01b0\u1ee3c giao d\u1ecbch ph\u1ed5 bi\u1ebfn nh\u1ea5t \u1edf ph\u01b0\u01a1ng T\u00e2y.\n\n<\/div>\n<\/div>\n<\/div>\n<div class=\"card\">\n<div class=\"card-header\" id=\"faq-accordion-heading--50617\">\n<h3 class=\"card-header__title\">\n\t\t\t\t\t\t\t\t\t\t\t\t\t<button class=\"btn btn-link collapsed\" type=\"button\" data-toggle=\"collapse\" data-target=\"#faq-collapse--50617\" aria-expanded=\"false\" aria-controls=\"faq-collapse--50617\">\n<span class=\"btn__text\">Gi\u1edd giao d\u1ecbch c\u1ee7a c\u00e1c ch\u1ec9 s\u1ed1 ch\u1ee9ng kho\u00e1n?<\/span>\n<span class=\"btn__icon\">\n<svg class=\"icon icon-plus\" xmlns:xlink=\"http:\/\/www.w3.org\/1999\/xlink\">\n<\/br>\n\t\t\t\t\t\t\t\t\t\t\t\t\t\t\t\t<use xlink:href=\"#icon-plus-academy-faq-acardion\"><\/use>\n<\/br>\n\t\t\t\t\t\t\t\t\t\t\t\t\t\t\t<\/svg>\n<svg class=\"icon icon-minus\" xmlns:xlink=\"http:\/\/www.w3.org\/1999\/xlink\">\n<\/br>\n\t\t\t\t\t\t\t\t\t\t\t\t\t\t\t\t<use xlink:href=\"#icon-minus-academy-faq-acardion\"><\/use>\n<\/br>\n\t\t\t\t\t\t\t\t\t\t\t\t\t\t\t<\/svg>\n<\/span>\n<\/button><\/h3>\n<\/div>\n<div class=\"collapse\" id=\"faq-collapse--50617\" aria-labelledby=\"faq-accordion-heading--50617\" data-parent=\"#faq-accordion\" style=\"\">\n<div class=\"card-body\">\n\nS\u00e0n giao d\u1ecbch ch\u1ee9ng kho\u00e1n l\u00e0 m\u1ed9t th\u1ecb tr\u01b0\u1eddng n\u01a1i c\u00e1c c\u1ed5 phi\u1ebfu \u0111\u01b0\u1ee3c giao d\u1ecbch su\u1ed1t c\u1ea3 ng\u00e0y. Ch\u00fang \u0111\u01b0\u1ee3c \u0111\u1eb7t \u1edf t\u1ea5t c\u1ea3 c\u00e1c th\u1ee7 \u0111\u00f4 to\u00e0n c\u1ea7u, bao g\u1ed3m New York, London, Frankfurt, Th\u01b0\u1ee3ng H\u1ea3i v\u00e0 Tokyo, ngh\u0129a l\u00e0 ch\u00fang ho\u1ea1t \u0111\u1ed9ng \u1edf c\u00e1c m\u00fai gi\u1edd kh\u00e1c nhau.\n\nGiao d\u1ecbch th\u01b0\u1eddng \u0111\u01b0\u1ee3c ti\u1ebfn h\u00e0nh t\u1eeb th\u1ee9 Hai \u0111\u1ebfn th\u1ee9 S\u00e1u h\u00e0ng tu\u1ea7n, v\u1edbi c\u00e1c th\u1ecb tr\u01b0\u1eddng \u0111\u00f3ng c\u1eeda v\u00e0o cu\u1ed1i tu\u1ea7n v\u00e0 c\u00e1c ng\u00e0y l\u1ec5 qu\u1ed1c gia (thay \u0111\u1ed5i t\u00f9y theo \u0111\u1ecba \u0111i\u1ec3m). Th\u1eddi gian m\u1edf c\u1eeda v\u00e0 \u0111\u00f3ng c\u1eeda h\u01a1i kh\u00e1c nhau gi\u1eefa c\u00e1c khu v\u1ef1c, nh\u01b0ng c\u00e1c th\u1ecb tr\u01b0\u1eddng th\u01b0\u1eddng m\u1edf c\u1eeda v\u00e0o kho\u1ea3ng 9:30 s\u00e1ng theo gi\u1edd \u0111\u1ecba ph\u01b0\u01a1ng v\u00e0 \u0111\u00f3ng c\u1eeda l\u00fac 4:30 chi\u1ec1u.\n\n<\/div>\n<\/div>\n<\/div>\n<div class=\"card\">\n<div class=\"card-header\" id=\"faq-accordion-heading--50609\">\n<h3 class=\"card-header__title\">\n\t\t\t\t\t\t\t\t\t\t\t\t\t<button class=\"btn btn-link collapsed\" type=\"button\" data-toggle=\"collapse\" data-target=\"#faq-collapse--50609\" aria-expanded=\"false\" aria-controls=\"faq-collapse--50609\">\n<span class=\"btn__text\">L\u00e0 ng\u01b0\u1eddi m\u1edbi, t\u00f4i c\u00f3 th\u1ec3 h\u1ecdc giao d\u1ecbch CFD ch\u1ec9 s\u1ed1 nh\u01b0 th\u1ebf n\u00e0o?<\/span>\n<span class=\"btn__icon\">\n<svg class=\"icon icon-plus\" xmlns:xlink=\"http:\/\/www.w3.org\/1999\/xlink\">\n<\/br>\n\t\t\t\t\t\t\t\t\t\t\t\t\t\t\t\t<use xlink:href=\"#icon-plus-academy-faq-acardion\"><\/use>\n<\/br>\n\t\t\t\t\t\t\t\t\t\t\t\t\t\t\t<\/svg>\n<svg class=\"icon icon-minus\" xmlns:xlink=\"http:\/\/www.w3.org\/1999\/xlink\">\n<\/br>\n\t\t\t\t\t\t\t\t\t\t\t\t\t\t\t\t<use xlink:href=\"#icon-minus-academy-faq-acardion\"><\/use>\n<\/br>\n\t\t\t\t\t\t\t\t\t\t\t\t\t\t\t<\/svg>\n<\/span>\n<\/button><\/h3>\n<\/div>\n<div class=\"collapse\" id=\"faq-collapse--50609\" aria-labelledby=\"faq-accordion-heading--50609\" data-parent=\"#faq-accordion\" style=\"\">\n<div class=\"card-body\">\n\nT\u1ea1i ZFX, ch\u00fang t\u00f4i t\u1ef1 h\u00e0o v\u1ec1 vi\u1ec7c cung c\u1ea5p ngu\u1ed3n th\u00f4ng tin v\u00e0 gi\u00e1o d\u1ee5c \u0111\u1ec3 h\u1ed7 tr\u1ee3 t\u1ea5t c\u1ea3 c\u00e1c nh\u00e0 giao d\u1ecbch.\n\nN\u1ebfu qu\u00fd kh\u00e1ch m\u1edbi b\u1eaft \u0111\u1ea7u giao d\u1ecbch th\u00ec c\u00f3 th\u1ec3 s\u1eed d\u1ee5ng<a href=\"https:\/\/www.zfx.com\/vi\/accounts\/\"><span style=\"text-decoration: underline;\"><strong> t\u00e0i kho\u1ea3n demo<\/strong><\/span><\/a> c\u1ee7a ch\u00fang t\u00f4i, t\u00e0i kho\u1ea3n n\u00e0y cho ph\u00e9p qu\u00fd kh\u00e1ch th\u1ef1c h\u00e0nh giao d\u1ecbch CFD mi\u1ec5n ph\u00ed.\n\nNgo\u00e0i ra, ch\u00fang t\u00f4i cung c\u1ea5p <a href=\"https:\/\/www.zfx.com\/vi\/academy\/\"><span style=\"text-decoration: underline;\"><strong>c\u00e1c h\u01b0\u1edbng d\u1eabn giao d\u1ecbch<\/strong><\/span><\/a> CFD c\u0169ng nh\u01b0 m\u1eb9o c\u00f3 gi\u00e1 tr\u1ecb m\u00e0 c\u1ea3 c\u00e1c nh\u00e0 giao d\u1ecbch c\u00f3 kinh nghi\u1ec7m c\u0169ng c\u00f3 th\u1ec3 tham kh\u1ea3o.\n\nN\u1ec1n t\u1ea3ng giao d\u1ecbch hi\u1ec7n \u0111\u1ea1i k\u00e8m v\u1edbi c\u00e1c c\u00f4ng c\u1ee5 v\u00e0 ch\u1ec9 b\u00e1o ph\u00e2n t\u00edch n\u00e2ng cao, c\u00e1c tuy\u00ean b\u1ed1 v\u00e0 b\u00e1o c\u00e1o to\u00e0n di\u1ec7n \u0111\u1ec3 h\u1ed7 tr\u1ee3 qu\u00fd kh\u00e1ch v\u1edbi t\u1ea5t c\u1ea3 c\u00e1c ph\u00e2n t\u00edch k\u1ef9 thu\u1eadt c\u1ee7a m\u00ecnh. Qu\u00fd kh\u00e1ch c\u00f3 th\u1ec3 ti\u1ebfp t\u1ee5c t\u00ecm hi\u1ec3u v\u1ec1 c\u00e1c ch\u1ec9 s\u1ed1 khi giao d\u1ecbch.\n\n<\/div>\n<\/div>\n<\/div>\n<\/div>\n<\/div>\n<\/div>\n<\/main><\/div>\n<\/div>","protected":false},"excerpt":{"rendered":"Ch\u1ec9 s\u1ed1 Ch\u1ec9 s\u1ed1 ch\u1ee9ng kho\u00e1n l\u00e0 th\u01b0\u1edbc \u0111o c\u1ee7a hi\u1ec7u su\u1ea5t t\u1ed5ng th\u1ec3 c\u1ee7a c\u00e1c th\u1ecb tr\u01b0\u1eddng ch\u1ee9ng kho\u00e1n, v\u1edbi ZFX qu\u00fd kh\u00e1ch c\u00f3 th\u1ec3 giao d\u1ecbch hi\u1ec7u qu\u1ea3 c\u1ee7a th\u1ecb tr\u01b0\u1eddng ch\u1ee9ng kho\u00e1n b\u1eb1ng ch\u1ec9 s\u1ed1 CFDs. ZFX cung c\u1ea5p r\u1ea5t nhi\u1ec1u lo\u1ea1i t\u00e0i kho\u1ea3n d\u00e0nh cho giao d\u1ecbch CFDs ch\u1ec9 s\u1ed1 ch\u1ee9ng [&hellip;]","protected":false},"author":100,"featured_media":0,"parent":218946,"menu_order":0,"comment_status":"closed","ping_status":"closed","template":"","meta":{"_acf_changed":false,"footnotes":""},"class_list":["post-219027","page","type-page","status-publish","hentry"],"acf":[],"_links":{"self":[{"href":"https:\/\/www.zfxvn.com\/vi\/wp-json\/wp\/v2\/pages\/219027","targetHints":{"allow":["GET"]}}],"collection":[{"href":"https:\/\/www.zfxvn.com\/vi\/wp-json\/wp\/v2\/pages"}],"about":[{"href":"https:\/\/www.zfxvn.com\/vi\/wp-json\/wp\/v2\/types\/page"}],"author":[{"embeddable":true,"href":"https:\/\/www.zfxvn.com\/vi\/wp-json\/wp\/v2\/users\/100"}],"replies":[{"embeddable":true,"href":"https:\/\/www.zfxvn.com\/vi\/wp-json\/wp\/v2\/comments?post=219027"}],"version-history":[{"count":0,"href":"https:\/\/www.zfxvn.com\/vi\/wp-json\/wp\/v2\/pages\/219027\/revisions"}],"up":[{"embeddable":true,"href":"https:\/\/www.zfxvn.com\/vi\/wp-json\/wp\/v2\/pages\/218946"}],"wp:attachment":[{"href":"https:\/\/www.zfxvn.com\/vi\/wp-json\/wp\/v2\/media?parent=219027"}],"curies":[{"name":"wp","href":"https:\/\/api.w.org\/{rel}","templated":true}]}}