{"id":258693,"date":"2021-09-21T09:41:59","date_gmt":"2021-09-21T09:41:59","guid":{"rendered":"https:\/\/www.zfx.com\/?page_id=258693"},"modified":"2022-03-04T16:28:06","modified_gmt":"2022-03-04T16:28:06","slug":"about-zfx","status":"publish","type":"page","link":"https:\/\/www.zfxvn.com\/vi\/about-zfx\/","title":{"rendered":"V\u1ec0 ZFX"},"content":{"rendered":"<div class=\"about-zfx\">\n<div class=\"main\">\n<h1 class=\"container title\">V\u1ec0 ZFX<\/h1>\n<\/div>\n<div class=\"container description\">Nh\u00f3m c\u00e1c c\u00f4ng ty c\u1ee7a Zeal (g\u1ecdi chung l\u00e0 T\u1eadp \u0111o\u00e0n Zeal) l\u00e0 m\u1ed9t danh m\u1ee5c \u0111\u1ea7u t\u01b0 kinh doanh bao g\u1ed3m c\u00e1c t\u1ed5 ch\u1ee9c t\u00e0i ch\u00ednh \u0111\u01b0\u1ee3c \u0111i\u1ec1u ti\u1ebft (t\u00ean giao d\u1ecbch l\u00e0 ZFX) v\u00e0 c\u00e1c c\u00f4ng ty c\u00f4ng ngh\u1ec7 t\u00e0i ch\u00ednh chuy\u00ean v\u1ec1 c\u00e1c gi\u1ea3i ph\u00e1p thanh kho\u1ea3n \u0111a t\u00e0i s\u1ea3n t\u1ea1i c\u00e1c th\u1ecb tr\u01b0\u1eddng \u0111\u01b0\u1ee3c \u0111i\u1ec1u ti\u1ebft, \u0111\u01b0\u1ee3c h\u1ed7 tr\u1ee3 b\u1edfi c\u00f4ng ngh\u1ec7 \u0111\u1ed9c quy\u1ec1n, c\u00f3 m\u1eb7t t\u1ea1i nhi\u1ec1u khu v\u1ef1c ch\u00ednh tr\u00ean to\u00e0n c\u1ea7u.Zeal \u0111\u01b0\u1ee3c th\u00e0nh l\u1eadp b\u1edfi 1 nh\u00f3m c\u00e1c nh\u00e0 giao d\u1ecbch k\u1ef3 c\u1ef1u v\u1edbi nhi\u1ec1u th\u1eadp k\u1ec9 kinh nghi\u1ec7m trong ng\u00e0nh. H\u1ecd l\u00e0 nh\u1eefng ng\u01b0\u1eddi kh\u00f4ng ch\u1ec9 c\u00f3 ti\u1ebfng n\u00f3i chung v\u1ec1 s\u1ef1 th\u1ec3 hi\u1ec7n ph\u1ee9c t\u1ea1p c\u1ee7a gi\u1edbi giao d\u1ecbch t\u00e0i ch\u00ednh, m\u00e0 c\u00f2n c\u00f3 chuy\u00ean m\u00f4n v\u00e0 cam k\u1ebft lu\u00f4n \u0111\u1ed5i m\u1edbi. Zeal c\u00f3 l\u00fd do t\u1ed3n t\u1ea1i s\u00e2u xa v\u00e0 \u0111\u1eb7t m\u1ee5c ti\u00eau mang l\u1ea1i d\u1ecbch v\u1ee5 giao d\u1ecbch \u0111a t\u00e0i s\u1ea3n \u1edf c\u1ea5p \u0111\u1ed9 cao h\u01a1n \u0111\u1ebfn v\u1edbi c\u00e1c nh\u00e0 \u0111\u1ea7u t\u01b0 b\u00e1n l\u1ebb, c\u00e1c c\u01a1 quan, t\u1ed5 ch\u1ee9c.\n\nV\u1edbi vi\u1ec7c kh\u00f4ng ch\u1ee7 \u0111\u1ed9ng gi\u1ea3 \u0111\u1ecbnh r\u1ee7i ro th\u1ecb tr\u01b0\u1eddng, ZFX lu\u00f4n t\u1eadp trung v\u00e0o vi\u1ec7c t\u00ecm ra c\u00e1c m\u1ee9c gi\u00e1 t\u1ed1t nh\u1ea5t tr\u00ean th\u1ecb tr\u01b0\u1eddng c\u00e1c kh\u00e1ch h\u00e0ng t\u1ed5 ch\u1ee9c b\u1eb1ng c\u00e1ch s\u1eed d\u1ee5ng c\u00f4ng ngh\u1ec7 v\u01b0\u1ee3t tr\u1ed9i v\u00e0 cung c\u1ea5p c\u00e1c d\u1ecbch v\u1ee5 kinh doanh t\u1ed1t nh\u1ea5t nh\u1eb1m \u0111\u1ea3m b\u1ea3o r\u1eb1ng k\u1ebft qu\u1ea3 \u0111\u1ea7u ra c\u1ee7a m\u1ecdi giao d\u1ecbch th\u1ef1c hi\u1ec7n t\u1ea1i Zeal ch\u00ednh l\u00e0 k\u1ebft qu\u1ea3 \u0111\u01b0\u1ee3c x\u00e1c \u0111\u1ecbnh b\u1edfi th\u1ecb tr\u01b0\u1eddng. T\u00ednh minh b\u1ea1ch trong vi\u1ec7c \u0111\u1ecbnh gi\u00e1 \u0111\u1ea3m b\u1ea3o r\u1eb1ng c\u00e1c d\u1ecbch v\u1ee5 m\u00f4i gi\u1edbi c\u1ee7a Zeal \u0111\u01b0\u1ee3c b\u00f9 \u0111\u1eafp b\u1eb1ng c\u00e1c kho\u1ea3n k\u00ea gi\u00e1.\n\n<\/div>\n<div class=\"values\">\n<div class=\"container\">\n<div class=\"title\">Gi\u00e1 tr\u1ecb c\u1ed1t l\u00f5i ZFX<\/div>\n<div class=\"item\">\n<div class=\"first image\"><\/div>\n<div class=\"name\">\u0110\u1ea3m b\u1ea3o an to\u00e0n v\u1ed1n<\/div>\n<div class=\"text\">Ti\u1ec1n c\u1ee7a kh\u00e1ch h\u00e0ng ho\u00e0n to\u00e0n t\u00e1ch bi\u1ec7t v\u1edbi t\u00e0i kho\u1ea3n ng\u00e2n h\u00e0ng \u0111\u01b0\u1ee3c ch\u1ec9 \u0111\u1ecbnh v\u00e0 c\u0169ng t\u00e1ch bi\u1ec7t v\u1edbi qu\u1ef9 ho\u1ea1t \u0111\u1ed9ng c\u1ee7a c\u00f4ng ty ZFX, \u0111\u1ea3m b\u1ea3o kh\u00f4ng \u0111\u01b0\u1ee3c l\u1ea1m d\u1ee5ng \u0111\u1ec3 \u0111\u00e1p \u1ee9ng c\u00e1c kho\u1ea3n n\u1ee3 c\u1ee7a c\u00f4ng ty ho\u1eb7c b\u1ea5t k\u1ef3 m\u1ee5c \u0111\u00edch n\u00e0o kh\u00e1c d\u01b0\u1edbi b\u1ea5t k\u1ef3 tr\u01b0\u1eddng h\u1ee3p n\u00e0o.<\/div>\n<\/div>\n<div class=\"item\">\n<div class=\"image second\"><\/div>\n<div class=\"name\">Qu\u1ea3n tr\u1ecb doanh nghi\u1ec7p<\/div>\n<div class=\"text\">Quy tr\u00ecnh qu\u1ea3n l\u00fd n\u1ed9i b\u1ed9 hi\u1ec7u qu\u1ea3 c\u00f9ng v\u1edbi qu\u1ea3n l\u00fd t\u00e0i ch\u00ednh nghi\u00eam ng\u1eb7t \u0111\u01b0\u1ee3c g\u1eafn k\u1ebft ch\u1eb7t ch\u1ebd nh\u1eb1m ph\u00e1t tri\u1ec3n qu\u1ea3n tr\u1ecb doanh nghi\u1ec7p t\u1ed1t. T\u1ea5t c\u1ea3 c\u00e1c nghi\u1ec7p v\u1ee5 c\u1ee7a ch\u00fang t\u00f4i \u0111\u01b0\u1ee3c v\u1eadn h\u00e0nh v\u00e0 x\u00e9t duy\u1ec7t b\u1edfi c\u00e1c chuy\u00ean gia v\u00e0 \u0111\u1ed9i ng\u0169 t\u00e0i ch\u00ednh, tu\u00e2n theo c\u00e1c ti\u00eau chu\u1ea9n ki\u1ec3m to\u00e1n h\u1ee3p ph\u00e1p cao nh\u1ea5t theo quy \u0111\u1ecbnh.<\/div>\n<\/div>\n<div class=\"item\">\n<div class=\"image third\"><\/div>\n<div class=\"name\">M\u00f4 h\u00ecnh Trung L\u1eadp Th\u1ecb Tr\u01b0\u1eddng<\/div>\n<div class=\"text\">ZFX lu\u00f4n t\u1eadp trung v\u00e0o vi\u1ec7c t\u00ecm ngu\u1ed3n cung \u1ee9ng gi\u00e1 t\u1ed1t nh\u1ea5t trong th\u1ecb tr\u01b0\u1eddng t\u1ed5 ch\u1ee9c b\u1eb1ng c\u00e1ch s\u1eed d\u1ee5ng c\u00f4ng ngh\u1ec7 ti\u00ean ti\u1ebfn v\u00e0 mang l\u1ea1i d\u1ecbch v\u1ee5 giao d\u1ecbch t\u1ed1i \u01b0u nh\u1ea5t \u0111\u1ec3 \u0111\u1ea3m b\u1ea3o k\u1ebft qu\u1ea3 c\u1ee7a m\u1ecdi giao d\u1ecbch \u0111\u01b0\u1ee3c th\u1ef1c hi\u1ec7n t\u1ea1i ZFX ho\u00e0n to\u00e0n l\u00e0 k\u1ebft qu\u1ea3 \u0111\u01b0\u1ee3c x\u00e1c \u0111\u1ecbnh b\u1edfi th\u1ecb tr\u01b0\u1eddng.<\/div>\n<\/div>\n<\/div>\n<\/div>\n<div class=\"container markets\">\n<div>\n<div class=\"title\">Zeal Capital Market (Seychelles)<\/div>\nS\u1ed1 \u0111\u0103ng k\u00fd gi\u1ea5y ph\u00e9p FSA c\u1ee7a T\u1eadp \u0110o\u00e0n Zeal Capital Market (Seychelles) l\u00e0 SD027\n\nC\u01a1 quan D\u1ecbch v\u1ee5 T\u00e0i ch\u00ednh Seychelles (FSA) l\u00e0 m\u1ed9t c\u01a1 quan t\u1ef1 tr\u1ecb cho c\u00e1c d\u1ecbch v\u1ee5 t\u00e0i ch\u00ednh phi ng\u00e2n h\u00e0ng \u1edf Seychelles, \u0111\u01b0\u1ee3c th\u00e0nh l\u1eadp theo \u0110\u1ea1o lu\u1eadt D\u1ecbch v\u1ee5 T\u00e0i ch\u00ednh 2013 \u0111\u1ec3 cung c\u1ea5p gi\u1ea5y ph\u00e9p, quy \u0111\u1ecbnh v\u00e0 th\u1ef1c thi c\u00e1c d\u1ecbch v\u1ee5 t\u00e0i ch\u00ednh phi ng\u00e2n h\u00e0ng \u1edf Seychelles, thi\u1ebft l\u1eadp c\u00e1c y\u00eau c\u1ea7u tu\u00e2n th\u1ee7, d\u1ecbch v\u1ee5 theo d\u00f5i v\u00e0 gi\u00e1m s\u00e1t ho\u1ea1t \u0111\u1ed9ng kinh doanh. C\u00e1c ho\u1ea1t \u0111\u1ed9ng \u0111\u01b0\u1ee3c \u0111i\u1ec1u ch\u1ec9nh bao g\u1ed3m d\u1ecbch v\u1ee5 \u1ee7y th\u00e1c, th\u1ecb tr\u01b0\u1eddng v\u1ed1n v\u00e0 k\u1ebf ho\u1ea1ch \u0111\u1ea7u t\u01b0 t\u1eadp th\u1ec3, b\u1ea3o hi\u1ec3m v\u00e0 \u0111\u00e1nh b\u1ea1c. FSA c\u0169ng ch\u1ecbu tr\u00e1ch nhi\u1ec7m \u0111\u0103ng k\u00fd c\u00e1c c\u00f4ng ty kinh doanh qu\u1ed1c t\u1ebf, n\u1ec1n t\u1ea3ng, quan h\u1ec7 \u0111\u1ed1i t\u00e1c h\u1ea1n ch\u1ebf v\u00e0 t\u00edn th\u00e1c qu\u1ed1c t\u1ebf t\u1ea1i Seychelles.\n\n\u0110\u1ec3 t\u00ecm hi\u1ec3u th\u00eam v\u1ec1 c\u00e1c \u0111i\u1ec1u lu\u1eadt v\u00e0 chi ti\u1ebft v\u1ec1 c\u00e1c y\u00eau c\u1ea7u c\u1ee7a FSA, vui l\u00f2ng tham kh\u1ea3o trang web ch\u00ednh th\u1ee9c c\u1ee7a FSA t\u1ea1i:\n<a href=\"https:\/\/www.fsaseychelles.sc\/\">https:\/\/www.fsaseychelles.sc\/<\/a>\n\n<\/div>\n<div>\n<div class=\"title\">Zeal Capital Markets Limited (UK)<\/div>\nS\u1ed1 \u0111\u0103ng k\u00fd gi\u1ea5y ph\u00e9p FCA (FRN) c\u1ee7a Zeal Capital Market (UK) Limited l\u00e0 768451\n\nC\u01a1 quan Qu\u1ea3n l\u00fd T\u00e0i ch\u00ednh (FCA) l\u00e0 c\u01a1 quan qu\u1ea3n l\u00fd t\u00e0i ch\u00ednh c\u1ee7a V\u01b0\u01a1ng qu\u1ed1c Anh, nh\u01b0ng ho\u1ea1t \u0111\u1ed9ng \u0111\u1ed9c l\u1eadp v\u1edbi ch\u00ednh ph\u1ee7 V\u01b0\u01a1ng qu\u1ed1c Anh v\u00e0 nh\u1eadn t\u00e0i tr\u1ee3 b\u1eb1ng c\u00e1ch t\u00ednh ph\u00ed c\u00e1c th\u00e0nh vi\u00ean c\u1ee7a ng\u00e0nh d\u1ecbch v\u1ee5 t\u00e0i ch\u00ednh. V\u00e0o ng\u00e0y 19 th\u00e1ng 12 n\u0103m 2012, \u0110\u1ea1o lu\u1eadt D\u1ecbch v\u1ee5 T\u00e0i ch\u00ednh 2012 \u0111\u00e3 \u0111\u01b0\u1ee3c ho\u00e0ng gia ph\u00ea duy\u1ec7t v\u00e0 c\u00f3 hi\u1ec7u l\u1ef1c v\u00e0o ng\u00e0y 1 th\u00e1ng 4 n\u0103m 2013. D\u1ef1 lu\u1eadt \u0111\u00e3 thi\u1ebft l\u1eadp m\u1ed9t khung ph\u00e1p l\u00fd m\u1edbi (FCA) cho c\u00e1c d\u1ecbch v\u1ee5 t\u00e0i ch\u00ednh v\u00e0 r\u00fat l\u1ea1i C\u01a1 quan D\u1ecbch v\u1ee5 T\u00e0i ch\u00ednh (FSA). FCA \u0111i\u1ec1u ch\u1ec9nh c\u00e1c c\u00f4ng ty t\u00e0i ch\u00ednh cung c\u1ea5p d\u1ecbch v\u1ee5 cho ng\u01b0\u1eddi ti\u00eau d\u00f9ng v\u00e0 duy tr\u00ec t\u00ednh to\u00e0n v\u1eb9n c\u1ee7a th\u1ecb tr\u01b0\u1eddng t\u00e0i ch\u00ednh V\u01b0\u01a1ng qu\u1ed1c Anh, t\u1eadp trung v\u00e0o quy \u0111\u1ecbnh v\u1ec1 h\u00e0nh vi c\u1ee7a c\u00e1c c\u00f4ng ty d\u1ecbch v\u1ee5 t\u00e0i ch\u00ednh b\u00e1n l\u1ebb v\u00e0 b\u00e1n bu\u00f4n.\n\n\u0110\u1ec3 t\u00ecm hi\u1ec3u th\u00eam v\u1ec1 \u0111i\u1ec1u lu\u1eadt v\u00e0 chi ti\u1ebft v\u1ec1 c\u00e1c y\u00eau c\u1ea7u c\u1ee7a FCA, vui l\u00f2ng tham kh\u1ea3o trang web ch\u00ednh th\u1ee9c c\u1ee7a FCA t\u1ea1i\n<a href=\"https:\/\/www.fca.org.uk\/\">https:\/\/www.fca.org.uk\/<\/a>\n\n<\/div>\n<\/div>\n<\/div>\n<style>.about-zfx .main{align-items:center;background-image:url(https:\/\/www.zfx.com\/wp-content\/uploads\/2020\/01\/about-bg.jpg);background-position:50%;background-repeat:no-repeat;background-size:cover;display:flex;height:400px}.about-zfx .main .title{color:#fff;font-size:40px;text-align:center}@media (max-width:923px){.about-zfx .main{height:300px}}@media (max-width:599px){.about-zfx .main{height:200px}}.about-zfx .description{padding:96px 16px;text-align:center}.about-zfx .values{background-image:url(https:\/\/www.zfx.com\/wp-content\/uploads\/2020\/01\/about-bg2.jpg);background-position:50%;background-repeat:no-repeat;background-size:cover;padding:96px 0}.about-zfx .values .title{color:#fff;font-size:40px;margin-bottom:44px;text-align:center}.about-zfx .values .item{background-color:#ffffffde;border-bottom:1px solid #fff;display:grid;grid-template-columns:100px 1fr;padding:24px}@media (max-width:599px){.about-zfx .values .item{grid-template-columns:1fr;text-align:center}.about-zfx .values .item .image{margin:auto}}.about-zfx .values .image{align-self:center;background-repeat:no-repeat;display:inline-block;grid-row:1\/3;height:73px;margin-bottom:20px;width:70px}.about-zfx .values .image.first{background-image:url(https:\/\/www.zfx.com\/wp-content\/uploads\/2020\/01\/about-icon1.svg)}.about-zfx .values .image.second{background-image:url(https:\/\/www.zfx.com\/wp-content\/uploads\/2020\/01\/about-icon2.svg)}.about-zfx .values .image.third{background-image:url(https:\/\/www.zfx.com\/wp-content\/uploads\/2020\/01\/about-icon3.svg)}.about-zfx .values .name{color:#0a264e;font-size:24px;font-weight:600}.about-zfx .markets{display:grid;gap:16px 64px;grid-template-columns:1fr 1fr;padding:96px 16px}.about-zfx .markets .title{font-size:20px;font-weight:600;margin-bottom:24px}@media (max-width:923px){.about-zfx .markets{grid-template-columns:1fr;max-width:500px}}.about-zfx .office{background-color:#f4f6fa;padding:96px 16px}.about-zfx .office .title{font-size:40px;margin-bottom:44px;text-align:center}.about-zfx .office img{display:block;margin:auto;max-width:1180px;width:100%}<\/style>","protected":false},"excerpt":{"rendered":"V\u1ec0 ZFX Nh\u00f3m c\u00e1c c\u00f4ng ty c\u1ee7a Zeal (g\u1ecdi chung l\u00e0 T\u1eadp \u0111o\u00e0n Zeal) l\u00e0 m\u1ed9t danh m\u1ee5c \u0111\u1ea7u t\u01b0 kinh doanh bao g\u1ed3m c\u00e1c t\u1ed5 ch\u1ee9c t\u00e0i ch\u00ednh \u0111\u01b0\u1ee3c \u0111i\u1ec1u ti\u1ebft (t\u00ean giao d\u1ecbch l\u00e0 ZFX) v\u00e0 c\u00e1c c\u00f4ng ty c\u00f4ng ngh\u1ec7 t\u00e0i ch\u00ednh chuy\u00ean v\u1ec1 c\u00e1c gi\u1ea3i ph\u00e1p thanh kho\u1ea3n \u0111a t\u00e0i s\u1ea3n [&hellip;]","protected":false},"author":43,"featured_media":0,"parent":0,"menu_order":0,"comment_status":"closed","ping_status":"closed","template":"","meta":{"_acf_changed":false,"footnotes":""},"class_list":["post-258693","page","type-page","status-publish","hentry"],"acf":[],"_links":{"self":[{"href":"https:\/\/www.zfxvn.com\/vi\/wp-json\/wp\/v2\/pages\/258693","targetHints":{"allow":["GET"]}}],"collection":[{"href":"https:\/\/www.zfxvn.com\/vi\/wp-json\/wp\/v2\/pages"}],"about":[{"href":"https:\/\/www.zfxvn.com\/vi\/wp-json\/wp\/v2\/types\/page"}],"author":[{"embeddable":true,"href":"https:\/\/www.zfxvn.com\/vi\/wp-json\/wp\/v2\/users\/43"}],"replies":[{"embeddable":true,"href":"https:\/\/www.zfxvn.com\/vi\/wp-json\/wp\/v2\/comments?post=258693"}],"version-history":[{"count":0,"href":"https:\/\/www.zfxvn.com\/vi\/wp-json\/wp\/v2\/pages\/258693\/revisions"}],"wp:attachment":[{"href":"https:\/\/www.zfxvn.com\/vi\/wp-json\/wp\/v2\/media?parent=258693"}],"curies":[{"name":"wp","href":"https:\/\/api.w.org\/{rel}","templated":true}]}}