{"id":29450,"date":"2020-06-29T07:59:03","date_gmt":"2020-06-29T07:59:03","guid":{"rendered":"https:\/\/www.zfx.com\/?page_id=29450"},"modified":"2023-08-11T17:05:04","modified_gmt":"2023-08-11T17:05:04","slug":"zeal-technology","status":"publish","type":"page","link":"https:\/\/www.zfxvn.com\/vi\/zeal-technology\/","title":{"rendered":"Zeal Technology"},"content":{"rendered":"<style> @media (min-width:768px) {.lego--hopscotch .lego__item {flex-basis: 50%;width: auto } :root .lego--hopscotch .lego__item,_:-ms-input-placeholder {flex-basis: auto;width: 50%} }@media (min-width:1200px) {.lego--hopscotch .lego__item {flex-basis: 33.3333333333%;flex-grow: 0;width: auto} :root .lego--hopscotch .lego__item,_:-ms-input-placeholder {flex-basis: auto; width: 33.3333333333% } }<\/style>\n<div class=\"zeal-technology zfx_edit_on\" data-edit=\"text\">\n<div class=\"banner banner_zeal_technology zeal-technology__banner zfx_edit_on\" data-edit=\"text\">\n<div class=\"banner__media zfx_edit_on\" data-edit=\"text\">\n<div class=\"banner__former zfx_edit_on\" data-edit=\"text\"><\/div>\n<div class=\"banner__filler zfx_edit_on\" data-edit=\"text\"><\/div>\n<\/div>\n<div class=\"banner__content zfx_edit_on\" data-edit=\"text\">\n<div class=\"banner__container zfx_edit_on\" data-edit=\"text\">\n<h1 class=\"banner__title zfx_edit_on\" data-edit=\"text\">ZEAL TECHNOLOGY<\/h1>\n<div class=\"banner__text zfx_edit_on\" data-edit=\"text\">Nh\u1eafm t\u1ed1i \u01b0u h\u00f3a t\u1ed1c \u0111\u1ed9 v\u00e0 hi\u1ec7u qu\u1ea3 giao d\u1ecbch c\u1ee7aqu\u00fd kh\u00e1ch, c\u00f4ng ngh\u1ec7 c\u1ee7a \u1eadp \u0111o\u00e0n Zeal \u0111\u01b0\u1ee3c thi\u1ebft k\u1ebf \u0111\u1eb7c bi\u1ec7t \u0111\u1ec3 d\u00e0nh cho c\u00e1c nh\u00e0 qu\u1ea3n l\u00fd v\u1ed1n v\u00e0 c\u00e1cnh\u00e0 giao d\u1ecbch chuy\u00ean nghi\u1ec7p.<\/div>\n<div class=\"banner__actions zfx_edit_on\" data-edit=\"text\"><a class=\"btn btn-lg btn-mariner banner__action zfx_edit_on\" href=\"\/vi\/zeal-technology-details\/#zeal-details__tab--overall-advantage\" data-edit=\"link\">T\u00ccM\nHI\u1ec2U NGAY<\/a><\/div>\n<\/div>\n<\/div>\n<\/div>\n<div class=\"zeal-technology__experts zfx_edit_on\" data-edit=\"text\">\n<div class=\"experts zfx_edit_on\" data-edit=\"text\">\n<h2 class=\"experts__title zfx_edit_on\" data-edit=\"text\">C\u00c1C CHUY\u00caN GIA C\u1ee6A CH\u00daNG T\u00d4I<\/h2>\n<div class=\"experts__text zfx_edit_on\" data-edit=\"text\">\n<p class=\"experts__paragraph zfx_edit_on\" data-edit=\"text\">\u0110\u1ed9i ng\u0169 c\u00e1c nh\u00e0 ph\u00e1t tri\u1ec3n v\u1edbi h\u01a1n 15 n\u0103mkinh nghi\u1ec7m trong l\u0129nh v\u1ef1c m\u00f4i gi\u1edbi b\u00e1n l\u1ebb v\u00e0 t\u1ed5 ch\u1ee9c.<\/p>\n<p class=\"experts__paragraph zfx_edit_on\" data-edit=\"text\">\u0110\u1ed9i ng\u0169 c\u1ee7a ch\u00fang t\u00f4i \u0111\u01b0\u1ee3c d\u1eabn d\u1eaft b\u1edfi c\u00e1c chuy\u00ean gia c\u00f4ng ngh\u1ec7, nh\u1eefng ng\u01b0\u1eddi \u0111\u00e3 ph\u00e1t tri\u1ec3n m\u1ed9t lo\u1ea1t c\u00e1c s\u1ea3n ph\u1ea9m \u0111\u1ed9c quy\u1ec1n bao g\u1ed3m c\u1ea7u n\u1ed1i MT4\/MT5 c\u1ee7a Zeal, b\u1ed9 t\u1ed5ng h\u1ee3p ECN, h\u1ec7 th\u1ed1ng CRM v\u00e0 c\u00e1c plugin kh\u00e1c nhau cho ZFX.<\/p>\n\n<\/div>\n<\/div>\n<\/div>\n<div class=\"zeal-technology__lego zfx_edit_on\" data-edit=\"text\">\n<div class=\"lego lego--hopscotch zfx_edit_on\" data-edit=\"text\">\n<h3 class=\"lego__title zfx_edit_on\" data-edit=\"text\">TECHNOLOGICAL ADVANTAGES<\/h3>\n<div class=\"lego__list zfx_edit_on\" data-edit=\"text\">\n<div class=\"lego__item lego__item--liquidity-providers-pool zfx_edit_on\" data-edit=\"text\">\n<div class=\"lego__tile zfx_edit_on\" data-edit=\"text\">\n<div class=\"lego__former zfx_edit_on\" data-edit=\"text\"><\/div>\n<div class=\"lego__content zfx_edit_on\" data-edit=\"text\">\n<div class=\"lego__id zfx_edit_on\" data-edit=\"text\"><\/div>\n<div class=\"lego__item-title zfx_edit_on\" data-edit=\"text\">\n<div class=\"zfx_edit_on\" data-edit=\"text\">T\u1eadp h\u1ee3p nhi\u1ec1u<\/div>\n<div class=\"zfx_edit_on\" data-edit=\"text\">nh\u00e0 cung c\u1ea5p<\/div>\n<div class=\"zfx_edit_on\" data-edit=\"text\">thanh kho\u1ea3n<\/div>\n<\/div>\n<\/div>\n<\/div>\n<\/div>\n<div class=\"lego__item lego__item--stack-of-coins zfx_edit_on\" data-edit=\"text\">\n<div class=\"lego__tile zfx_edit_on\" data-edit=\"text\">\n<div class=\"lego__former zfx_edit_on\" data-edit=\"text\"><\/div>\n<div class=\"lego__content zfx_edit_on\" data-edit=\"text\">\n<div class=\"lego__id zfx_edit_on\" data-edit=\"text\"><\/div>\n<div class=\"lego__item-title zfx_edit_on\" data-edit=\"text\">\n<div class=\"zfx_edit_on\" data-edit=\"text\">M\u1ee9c ch\u00eanh l\u1ec7ch gi\u1eefa<\/div>\n<div class=\"zfx_edit_on\" data-edit=\"text\">gi\u00e1 mua v\u00e0 gi\u00e1 b\u00e1n<\/div>\n<div class=\"zfx_edit_on\" data-edit=\"text\">th\u1ea5p h\u01a1n m\u1ee9c trung<\/div>\n<div class=\"zfx_edit_on\" data-edit=\"text\">b\u00ecnh c\u1ee7a th\u1ecb tr\u01b0\u1eddng<\/div>\n<\/div>\n<\/div>\n<\/div>\n<\/div>\n<div class=\"lego__item lego__item--through-cubes zfx_edit_on\" data-edit=\"text\">\n<div class=\"lego__tile zfx_edit_on\" data-edit=\"text\">\n<div class=\"lego__former zfx_edit_on\" data-edit=\"text\"><\/div>\n<div class=\"lego__content zfx_edit_on\" data-edit=\"text\">\n<div class=\"lego__id zfx_edit_on\" data-edit=\"text\"><\/div>\n<div class=\"lego__item-title zfx_edit_on\" data-edit=\"text\">\n<div class=\"zfx_edit_on\" data-edit=\"text\">C\u00e1c giao d\u1ecbch v\u1ecb<\/div>\n<div class=\"zfx_edit_on\" data-edit=\"text\">th\u1ebf l\u1edbn \u0111\u01b0\u1ee3c th\u1ef1c<\/div>\n<div class=\"zfx_edit_on\" data-edit=\"text\">hi\u1ec7n hi\u1ec7u qu\u1ea3<\/div>\n<\/div>\n<\/div>\n<\/div>\n<\/div>\n<div class=\"lego__item lego__item--truncated-through-pyramid zfx_edit_on\" data-edit=\"text\">\n<div class=\"lego__tile zfx_edit_on\" data-edit=\"text\">\n<div class=\"lego__former zfx_edit_on\" data-edit=\"text\"><\/div>\n<div class=\"lego__content zfx_edit_on\" data-edit=\"text\">\n<div class=\"lego__id zfx_edit_on\" data-edit=\"text\"><\/div>\n<div class=\"lego__item-title zfx_edit_on\" data-edit=\"text\">\n<div class=\"zfx_edit_on\" data-edit=\"text\">M\u00e1y ch\u1ee7 \u0111\u01b0\u1ee3c \u0111\u1eb7t<\/div>\n<div class=\"zfx_edit_on\" data-edit=\"text\">\u1edf LD4 v\u1edbi \u0111\u1ed9 tr\u1ec5 c\u1ef1c<\/div>\n<div class=\"zfx_edit_on\" data-edit=\"text\">th\u1ea5p &lt;1ms v\u1edbi c\u00e1c nh\u00e0<\/div>\n<div class=\"zfx_edit_on\" data-edit=\"text\">ung c\u1ea5p thanh kho\u1ea3n<\/div>\n<\/div>\n<\/div>\n<\/div>\n<\/div>\n<div class=\"lego__item lego__item--server-case zfx_edit_on\" data-edit=\"text\">\n<div class=\"lego__tile zfx_edit_on\" data-edit=\"text\">\n<div class=\"lego__former zfx_edit_on\" data-edit=\"text\"><\/div>\n<div class=\"lego__content zfx_edit_on\" data-edit=\"text\">\n<div class=\"lego__id zfx_edit_on\" data-edit=\"text\"><\/div>\n<div class=\"lego__item-title zfx_edit_on\" data-edit=\"text\">\n<div class=\"zfx_edit_on\" data-edit=\"text\">T\u00edch h\u1ee3p gi\u1eefa<\/div>\n<div class=\"zfx_edit_on\" data-edit=\"text\">C\u01a1 s\u1edf d\u1eef li\u1ec7u v\u1eefng m\u1ea1nh<\/div>\n<div class=\"zfx_edit_on\" data-edit=\"text\">v\u00e0 trung t\u00e2m b\u00e1o c\u00e1o<\/div>\n<\/div>\n<\/div>\n<\/div>\n<\/div>\n<\/div>\n<\/div>\n<\/div>\n<div class=\"zeal-technology__skirt zfx_edit_on\" data-edit=\"text\">\n<div class=\"zeal-technology__bridge zfx_edit_on\" data-edit=\"text\">\n<div class=\"media media_twilight_cookbook media_zeal_bridge zfx_edit_on\" data-edit=\"text\">\n<div class=\"media__row zfx_edit_on\" data-edit=\"text\">\n<h4 class=\"media__title zfx_edit_on\" data-edit=\"text\">C\u1ea6U N\u1ed0I ZEAL MT4\/MT5<\/h4>\n<div class=\"media__text zfx_edit_on\" data-edit=\"text\">\n<p class=\"media__paragraph zfx_edit_on\" data-edit=\"text\">C\u1ea7u n\u1ed1i ZEAL MT4\/MT5 \u0111\u1ed9c quy\u1ec1n c\u1ee7a ch\u00fang t\u00f4i cho ph\u00e9p k\u1ebft n\u1ed1i v\u1edbi nhi\u1ec1u th\u1ecb tr\u01b0\u1eddng t\u00e0i ch\u00ednh v\u00e0 nh\u00e0 cung c\u1ea5p thanh kho\u1ea3n \u0111\u1ec3 cung c\u1ea5p cho kh\u00e1ch h\u00e0ng gi\u00e1 ni\u00eam y\u1ebft v\u00e0 gi\u00e1 kh\u1edbp l\u1ec7nh c\u1ea1nh tranh.<\/p>\n\n<\/div>\n<div class=\"media__actions zfx_edit_on\" data-edit=\"text\"><a class=\"btn btn-lg btn-mariner media__action media__action--discover-now zfx_edit_on\" href=\"\/vi\/zeal-technology-details\/#zeal-details__tab--zeal-bridge\" data-edit=\"link\">T\u00ccM HI\u1ec2U TH\u00caM<\/a><\/div>\n<div class=\"media__recipe zfx_edit_on\" data-edit=\"text\">\n<div class=\"media__recipe-former zfx_edit_on\" data-edit=\"text\"><\/div>\n<div class=\"media__recipe-filler zfx_edit_on\" data-edit=\"text\">\n<h4 class=\"media__recipe-title zfx_edit_on\" data-edit=\"text\">Hi\u1ec7u su\u1ea5t ph\u1ea3n h\u1ed3i<\/h4>\n<div class=\"media__recipe-tabs zfx_edit_on\" data-edit=\"text\">\n<div class=\"tab tab--arkanoid tab--twilight zfx_edit_on\" data-edit=\"text\">\n<ul id=\"tab--arkanoid\" class=\"nav nav-tabs nav-fill zfx_edit_on\" role=\"tablist\" data-edit=\"text\">\n \t<li class=\"nav-item zfx_edit_on\" role=\"presentation\" data-edit=\"text\"><a id=\"zeal-bridge__tab--frequency\" class=\"nav-link active zfx_edit_on\" role=\"tab\" href=\"#zeal-bridge__pane--frequency\" data-toggle=\"tab\" aria-controls=\"zeal-bridge__pane--frequency\" aria-selected=\"true\" data-edit=\"link\">T\u1ea7n su\u1ea5t<\/a><\/li>\n \t<li class=\"nav-item zfx_edit_on\" role=\"presentation\" data-edit=\"text\"><a id=\"zeal-bridge__tab--channel\" class=\"nav-link zfx_edit_on\" role=\"tab\" href=\"#zeal-bridge__pane--channel\" data-toggle=\"tab\" aria-controls=\"zeal-bridge__pane--channel\" aria-selected=\"false\" data-edit=\"link\">K\u00eanh<\/a><\/li>\n \t<li class=\"nav-item zfx_edit_on\" role=\"presentation\" data-edit=\"text\"><a id=\"zeal-bridge__tab--loading\" class=\"nav-link zfx_edit_on\" role=\"tab\" href=\"#zeal-bridge__pane--loading\" data-toggle=\"tab\" aria-controls=\"zeal-bridge__pane--loading\" aria-selected=\"false\" data-edit=\"link\">\u0110ang t\u1ea3i<\/a><\/li>\n<\/ul>\n<div class=\"tab-content zfx_edit_on\" data-edit=\"text\">\n<div id=\"zeal-bridge__pane--frequency\" class=\"tab-pane fade active show zfx_edit_on\" role=\"tabpanel\" aria-labelledby=\"zeal-bridge__tab--frequency\" data-edit=\"text\">\n<div class=\"d-flex align-items-start justify-content-between pt-8 px-5 no_verflow_zfx zfx_edit_on\" data-edit=\"text\">\n\t<img decoding=\"async\" class=\"zfx_edit_on\" style=\"max-width: calc(100% \/ 3);\" src=\"https:\/\/www.zfx.com\/wp-content\/uploads\/2020\/07\/zeal_tech_comparison3.png?v=sdsd\" alt=\"20 minute\" data-edit=\"img\">\n<img decoding=\"async\" class=\"zfx_edit_on\" style=\"max-width: calc(100% \/ 3);\" src=\"https:\/\/www.zfx.com\/wp-content\/uploads\/2020\/07\/zeal_tech_comparison2-1.png?v=sdsd\" alt=\"180 minute\" data-edit=\"img\">\n<img decoding=\"async\" class=\"zfx_edit_on zfx_img_edit\" style=\"max-width: calc(100% \/ 3);\" src=\"https:\/\/www.zfx.com\/wp-content\/uploads\/2020\/07\/zeal_tech_comparison1-1.png?v=sdsd\" alt=\"200 minute\" data-edit=\"img\"><\/div>\n<\/div>\n<div id=\"zeal-bridge__pane--channel\" class=\"tab-pane fade zfx_edit_on\" role=\"tabpanel\" aria-labelledby=\"zeal-bridge__tab--channel\" data-edit=\"text\">\n<div class=\"d-flex align-items-start justify-content-between pt-8 px-5 no_verflow_zfx zfx_edit_on\" data-edit=\"text\"><img decoding=\"async\" class=\"zfx_edit_on\" style=\"max-width: calc(100% \/ 3);\" src=\"https:\/\/www.cdn-zfx.com\/wp-content\/uploads\/2020\/07\/ZKHswXNr-zeal_tech_comparison6.png\" alt=\"1 or 2\" data-edit=\"img\"><img decoding=\"async\" class=\"zfx_edit_on\" style=\"max-width: calc(100% \/ 3);\" src=\"https:\/\/www.cdn-zfx.com\/wp-content\/uploads\/2020\/07\/slx3HIN0-zeal_tech_comparison4.png\" alt=\"M plus\" data-edit=\"img\"><img decoding=\"async\" class=\"zfx_img_edit zfx_edit_on\" style=\"max-width: calc(100% \/ 3);\" src=\"https:\/\/www.cdn-zfx.com\/wp-content\/uploads\/2020\/07\/R0oIJe24-zeal_tech_comparison5.png\" alt=\"Enlarged M plus\" data-edit=\"img\"><\/div>\n<\/div>\n<div id=\"zeal-bridge__pane--loading\" class=\"tab-pane fade zfx_edit_on\" role=\"tabpanel\" aria-labelledby=\"zeal-bridge__tab--loading\" data-edit=\"text\">\n<div class=\"d-flex align-items-start justify-content-between pt-8 px-5 no_verflow_zfx zfx_edit_on\" data-edit=\"text\">\n\t<img decoding=\"async\" class=\"zfx_edit_on\" style=\"max-width: calc(100% \/ 3);\" src=\"https:\/\/www.zfx.com\/wp-content\/uploads\/2020\/07\/zeal_tech_comparison9.png?v=sdsd\" alt=\"3 seconds\" data-edit=\"img\">\n<img decoding=\"async\" class=\"zfx_edit_on\" style=\"max-width: calc(100% \/ 3);\" src=\"https:\/\/www.zfx.com\/wp-content\/uploads\/2020\/07\/zeal_tech_comparison7.png?v=sdsd\" alt=\"Enlarged 50 seconds\" data-edit=\"img\">\n<img decoding=\"async\" class=\"zfx_img_edit zfx_edit_on\" style=\"max-width: calc(100% \/ 3);\" src=\"https:\/\/www.zfx.com\/wp-content\/uploads\/2020\/07\/zeal_tech_comparison8.png?v=sdsd\" alt=\"50 seconds\" data-edit=\"img\"><\/div>\n<\/div>\n<\/div>\n<\/div>\n<\/div>\n<\/div>\n<\/div>\n<\/div>\n<\/div>\n<\/div>\n<div class=\"zeal-technology__ecn zfx_edit_on\" data-edit=\"text\">\n<div class=\"media media_twilight_cookbook zfx_edit_on\" data-edit=\"text\">\n<div class=\"media__row zfx_edit_on\" data-edit=\"text\">\n<h4 class=\"media__title zfx_edit_on\" data-edit=\"text\">M\u1ea1ng truy\u1ec1n th\u00f4ng \u0111i\u1ec7n t\u1eed Zeal (ECN)<\/h4>\n<div class=\"media__text zfx_edit_on\" data-edit=\"text\">\n<p class=\"media__paragraph zfx_edit_on\" data-edit=\"text\">Gi\u1ea3i ph\u00e1p thanh kho\u1ea3n ECN c\u1ee7a ch\u00fang t\u00f4i d\u1ef1a tr\u00ean c\u00f4ng ngh\u1ec7 m\u00e1y v\u00e0o\/kh\u1edbp l\u1ec7nh c\u1ef1c nhanh, \u0111\u1ea3m b\u1ea3o kh\u00f4ng b\u1ecb d\u1ed9i gi\u00e1, kh\u00f4ng t\u1eeb ch\u1ed1i l\u1ec7nh v\u00e0 kh\u00f4ng&nbsp; c\u00f3 last look (nh\u00e0 cung c\u1ea5p thanh kho\u1ea3n kh\u00f4ng c\u00f3 quy\u1ec1n h\u1ee7y l\u1ec7nh).<\/p>\n\n<\/div>\n<div class=\"media__actions zfx_edit_on\" data-edit=\"text\"><a class=\"btn btn-lg btn-mariner media__action media__action--discover-now zfx_edit_on\" href=\"\/vi\/zeal-technology-details\/#zeal-details__tab--ecn\" data-edit=\"link\">T\u00ccM HI\u1ec2U TH\u00caM<\/a><\/div>\n<div class=\"media__recipe zfx_edit_on\" data-edit=\"text\">\n<div class=\"media__recipe-former zfx_edit_on\" data-edit=\"text\"><\/div>\n<div class=\"media__recipe-filler zfx_edit_on\" data-edit=\"text\">\n<ul class=\"list list_address_bar zfx_edit_on\" data-edit=\"text\">\n \t<li class=\"list__item zfx_edit_on\" data-edit=\"text\">\n<div class=\"list__text zfx_edit_on\" data-edit=\"text\">C\u1ea5u tr\u00fac m\u00f4 \u0111un<\/div><\/li>\n \t<li class=\"list__item zfx_edit_on\" data-edit=\"text\">\n<div class=\"list__text zfx_edit_on\" data-edit=\"text\">Kh\u1ea3 n\u0103ng m\u1edf r\u1ed9ng cao<\/div><\/li>\n \t<li class=\"list__item zfx_edit_on\" data-edit=\"text\">\n<div class=\"list__text zfx_edit_on\" data-edit=\"text\">H\u1ed7 tr\u1ee3 c\u00e1c Nh\u00f3m Thanh kho\u1ea3n th\u1ecb<\/div><\/li>\n \t<li class=\"list__item zfx_edit_on\" data-edit=\"text\">\n<div class=\"list__text zfx_edit_on\" data-edit=\"text\">300 000 gi\u00e1 ni\u00eam y\u1ebft\/gi\u00e2y<\/div><\/li>\n \t<li class=\"list__item zfx_edit_on\" data-edit=\"text\">\n<div class=\"list__text zfx_edit_on\" data-edit=\"text\">50 000 giao d\u1ecbch\/gi\u00e2y<\/div><\/li>\n \t<li class=\"list__item zfx_edit_on\" data-edit=\"text\">\n<div class=\"list__text zfx_edit_on\" data-edit=\"text\">D\u1ecbch v\u1ee5 Windows x64 C ++ \u0111\u01b0\u1ee3ct\u1ed1i \u01b0u h\u00f3a m\u1ea1nh m\u1ebd<\/div><\/li>\n<\/ul>\n<\/div>\n<\/div>\n<\/div>\n<\/div>\n<\/div>\n<div class=\"zeal-technology__compare zfx_edit_on\" data-edit=\"text\">\n<div class=\"media media_twilight_compare zfx_edit_on\" data-edit=\"text\">\n<div class=\"media__row zfx_edit_on\" data-edit=\"text\">\n<h4 class=\"media__title zfx_edit_on\" data-edit=\"text\">N\u1ec0N T\u1ea2NG ZEAL TECHNOLOGY<\/h4>\n<h4 class=\"media__title zfx_edit_on\" data-edit=\"text\">N\u1ec0N T\u1ea2NG M\u00d4I GI\u1edaI KH\u00c1C<\/h4>\n<div class=\"media__media zfx_edit_on\" data-edit=\"text\">\n<div class=\"media__former zfx_edit_on\" data-edit=\"text\"><\/div>\n<div class=\"media__filler no_verflow_zfx zfx_edit_on\" data-edit=\"text\"><img loading=\"lazy\" decoding=\"async\" loading=\"lazy\" class=\"media__img zfx_img_edit zfx_edit_on\" src=\"\/wp-content\/uploads\/\/2020\/07\/en\/zeal-ecn-core_4c770970_VN.svg\" alt=\"Zeal ECN technology platform core\" data-edit=\"img\" width=\"539\" height=\"471\"><\/div>\n<\/div>\n<div class=\"media__media zfx_edit_on\" data-edit=\"text\">\n<div class=\"media__former zfx_edit_on\" data-edit=\"text\"><\/div>\n<div class=\"media__filler no_verflow_zfx zfx_edit_on\" data-edit=\"text\"><img loading=\"lazy\" decoding=\"async\" loading=\"lazy\" class=\"media__img zfx_img_edit zfx_edit_on\" src=\"\/wp-content\/uploads\/\/2020\/07\/other-broker-platform_17f89e7a_VN.svg\" alt=\"Other broker platform\" data-edit=\"img\" width=\"216\" height=\"433\"><\/div>\n<\/div>\n<\/div>\n<\/div>\n<\/div>\n<div class=\"zeal-technology__experience zfx_edit_on\" data-edit=\"text\">\n<div class=\"media media_twilight_picture zfx_edit_on\" data-edit=\"text\">\n<h4 class=\"media__title zfx_edit_on\" data-edit=\"text\">TR\u1ea2I NGHI\u1ec6M ZEAL TECHNOLOGY<\/h4>\n<div class=\"media__text zfx_edit_on\" data-edit=\"text\">\n<p class=\"media__paragraph zfx_edit_on\" data-edit=\"text\">C\u00f4ng ngh\u1ec7 m\u00e1y k\u1ebft n\u1ed1i c\u1ef1c nhanh c\u1ee7a ch\u00fang t\u00f4i \u0111\u1ea3m b\u1ea3o kh\u00f4ng t\u1ea1o l\u1ea1i gi\u00e1, kh\u00f4ng t\u1eeb ch\u1ed1i l\u1ec7nh v\u00e0 kh\u00f4ng \u00e1p d\u1ee5ng last look (nh\u00e0 cung c\u1ea5p thanh kho\u1ea3n kh\u00f4ng c\u00f3 quy\u1ec1n h\u1ee7y l\u1ec7nh).<\/p>\n\n<\/div>\n<div class=\"media__actions zfx_edit_on\" data-edit=\"text\"><a class=\"media__action btn btn-shadow zfx_edit_on\" href=\"https:\/\/my.zfx.com\/vi\/reg\/truely\" data-edit=\"link\">M\u1ede T\u00c0I KHO\u1ea2N&nbsp;<\/a><a class=\"media__action btn btn-shadow zfx_edit_on\" href=\"https:\/\/my.zfx.com\/vi\/reg\/truely\" data-edit=\"link\">T\u00c0I KHO\u1ea2N DEMO<\/a><\/div>\n<div class=\"media__media zfx_edit_on\" data-edit=\"text\">\n<div class=\"media__former zfx_edit_on\" data-edit=\"text\"><\/div>\n<div class=\"media__filler zfx_edit_on\" data-edit=\"text\"><img loading=\"lazy\" decoding=\"async\" loading=\"lazy\" class=\"media__img zfx_edit_on\" style=\"mix-blend-mode: screen;\" src=\"https:\/\/www.zfx.com\/wp-content\/uploads\/2020\/05\/Macbook-zeal-400x250.jpg\" alt=\"MacBook at twilight\" data-background-blend-mode=\"screen\" data-edit=\"img\" width=\"584\" height=\"200\"><\/div>\n<\/div>\n<\/div>\n<\/div>\n<\/div>\n<\/div>","protected":false},"excerpt":{"rendered":"ZEAL TECHNOLOGY Nh\u1eafm t\u1ed1i \u01b0u h\u00f3a t\u1ed1c \u0111\u1ed9 v\u00e0 hi\u1ec7u qu\u1ea3 giao d\u1ecbch c\u1ee7aqu\u00fd kh\u00e1ch, c\u00f4ng ngh\u1ec7 c\u1ee7a \u1eadp \u0111o\u00e0n Zeal \u0111\u01b0\u1ee3c thi\u1ebft k\u1ebf \u0111\u1eb7c bi\u1ec7t \u0111\u1ec3 d\u00e0nh cho c\u00e1c nh\u00e0 qu\u1ea3n l\u00fd v\u1ed1n v\u00e0 c\u00e1cnh\u00e0 giao d\u1ecbch chuy\u00ean nghi\u1ec7p. T\u00ccM HI\u1ec2U NGAY C\u00c1C CHUY\u00caN GIA C\u1ee6A CH\u00daNG T\u00d4I \u0110\u1ed9i ng\u0169 c\u00e1c nh\u00e0 ph\u00e1t tri\u1ec3n [&hellip;]","protected":false},"author":100,"featured_media":0,"parent":0,"menu_order":70,"comment_status":"closed","ping_status":"closed","template":"","meta":{"_acf_changed":false,"footnotes":""},"class_list":["post-29450","page","type-page","status-publish","hentry"],"acf":[],"_links":{"self":[{"href":"https:\/\/www.zfxvn.com\/vi\/wp-json\/wp\/v2\/pages\/29450","targetHints":{"allow":["GET"]}}],"collection":[{"href":"https:\/\/www.zfxvn.com\/vi\/wp-json\/wp\/v2\/pages"}],"about":[{"href":"https:\/\/www.zfxvn.com\/vi\/wp-json\/wp\/v2\/types\/page"}],"author":[{"embeddable":true,"href":"https:\/\/www.zfxvn.com\/vi\/wp-json\/wp\/v2\/users\/100"}],"replies":[{"embeddable":true,"href":"https:\/\/www.zfxvn.com\/vi\/wp-json\/wp\/v2\/comments?post=29450"}],"version-history":[{"count":0,"href":"https:\/\/www.zfxvn.com\/vi\/wp-json\/wp\/v2\/pages\/29450\/revisions"}],"wp:attachment":[{"href":"https:\/\/www.zfxvn.com\/vi\/wp-json\/wp\/v2\/media?parent=29450"}],"curies":[{"name":"wp","href":"https:\/\/api.w.org\/{rel}","templated":true}]}}