{"id":30629,"date":"2020-06-30T02:36:59","date_gmt":"2020-06-30T02:36:59","guid":{"rendered":"https:\/\/www.zfx.com\/zeal-technology-details-2\/"},"modified":"2022-08-17T10:29:53","modified_gmt":"2022-08-17T10:29:53","slug":"zeal-technology-details","status":"publish","type":"page","link":"https:\/\/www.zfxvn.com\/vi\/zeal-technology-details\/","title":{"rendered":"C\u00f4ng ngh\u1ec7 Zeal Technology"},"content":{"rendered":"<div class=\"zeal-details\">\n<h1 class=\"text-center\">C\u00f4ng ngh\u1ec7 Zeal Technology<\/h1>\n<div class=\"tab tab--arkanoid tab--folding tab--zeal-details\">\n<div class=\"zeal-details__container zeal-details__container--nav\">\n\n<select class=\"custom-select tab__folder\">\n<option class=\"\" selected=\"selected\" value=\"zeal-details__tab--overall-advantage\" data-edit=\"text\">\u01afu \u0111i\u1ec3m chung<\/option>\n<option class=\"\" value=\"zeal-details__tab--zeal-bridge\" data-edit=\"text\">C\u1ea7u n\u1ed1i Zeal MT4\/MT5<\/option>\n<option class=\"\" value=\"zeal-details__tab--ecn\" data-edit=\"text\">M\u1ea1ng truy\u1ec1n th\u00f4ng \u0111i\u1ec7n t\u1eed Zeal (ECN)<\/option>\n<\/select>\n<ul id=\"zeal-details-tab-arkanoid\" class=\"nav nav-tabs nav-fill\" role=\"tablist\">\n \t<li class=\"nav-item\" role=\"presentation\"><a id=\"zeal-details__tab--overall-advantage\" class=\"nav-link\" role=\"tab\" href=\"#zeal-details__pane--overall-advantage\" data-toggle=\"tab\" aria-controls=\"zeal-details__pane--overall-advantage\" aria-selected=\"false\" data-edit=\"link\">\u01afu \u0111i\u1ec3m chung<\/a><\/li>\n \t<li class=\"nav-item\" role=\"presentation\"><a id=\"zeal-details__tab--zeal-bridge\" class=\"nav-link\" role=\"tab\" href=\"#zeal-details__pane--zeal-bridge\" data-toggle=\"tab\" aria-controls=\"zeal-details__pane--zeal-bridge\" aria-selected=\"false\" data-edit=\"link\">C\u1ea7u n\u1ed1i Zeal MT4\/MT5<\/a><\/li>\n \t<li class=\"nav-item\" role=\"presentation\"><a id=\"zeal-details__tab--ecn\" class=\"nav-link active\" role=\"tab\" href=\"#zeal-details__pane--ecn\" data-toggle=\"tab\" aria-controls=\"zeal-details__pane--ecn\" aria-selected=\"true\" data-edit=\"link\">M\u1ea1ng truy\u1ec1n th\u00f4ng \u0111i\u1ec7n t\u1eed Zeal (ECN)<\/a><\/li>\n<\/ul>\n<\/div>\n<div class=\"tab-content\">\n<div id=\"zeal-details__pane--overall-advantage\" class=\"tab-pane fade\" role=\"tabpanel\" aria-labelledby=\"zeal-details__tab--overall-advantage\">\n<div class=\"zeal-details__overall-advantage\">\n<div class=\"zeal-details__outstanding\">\n<div class=\"container container--content\">\n<div class=\"media media_base media_zeal_outstanding text-midnight-blue\">\n<h2 class=\"media__title\" spellcheck=\"false\" data-edit=\"text\">C\u00e1c gi\u1ea3i ph\u00e1p c\u1ee7a Zeal Technology l\u00e0 ch\u00eca kh\u00f3a cho c\u00e1c&nbsp; lo\u1ea1i h\u00ecnh giao d\u1ecbch hi\u1ec7n \u0111\u1ea1i nh\u1ea5t!<\/h2>\n<div class=\"media__text\">\n<p class=\"media__paragraph\" data-edit=\"text\">Ch\u00fang t\u00f4i t\u1ed1i \u01b0u h\u00f3a t\u1ed1c \u0111\u1ed9 kh\u1edbp l\u1ec7nh v\u00e0&nbsp; kh\u00f4ng ng\u1eebng c\u1ed1 g\u1eafng cung c\u1ea5p cho kh\u00e1ch h\u00e0ng nh\u1eefng gi\u1ea3i ph\u00e1p to\u00e0n di\u1ec7n \u0111\u1ec3 n\u00e2ng cao tr\u1ea3i nghi\u1ec7m giao d\u1ecbch c\u1ee7a h\u1ecd.<\/p>\n\n<\/div>\n<div class=\"media__media\"><img fetchpriority=\"high\" decoding=\"async\" class=\"media__img\" src=\"\/wp-content\/uploads\/2022\/08\/macbook-at-dusk.45f8a127.jpg\" alt=\"MackBook at dusk\" width=\"568\" height=\"379\" data-edit=\"img\"><\/div>\n<\/div>\n<\/div>\n<\/div>\n<div class=\"zeal-details__technology-platform\">\n<div class=\"container container--content\">\n<div class=\"media media_base media_zeal_technology-platform text-midnight-blue\">\n<h2 class=\"media__title\" data-edit=\"text\">\u0110\u1ed9i ng\u0169 Zeal Technology<\/h2>\n<div class=\"media__text\">\n<p class=\"media__paragraph\" spellcheck=\"false\" data-edit=\"text\">Zeal Technology l\u00e0 nh\u00f3m c\u1ee7a ZFX c\u00f3 tr\u1ee5 s\u1edf t\u1ea1i H\u1ed3ng K\u00f4ng. \u0110\u01b0\u1ee3c trao quy\u1ec1n b\u1edfi c\u00e1c chuy\u00ean gia c\u00f4ng ngh\u1ec7 gi\u1ecfi nh\u1ea5t v\u00e0 s\u00e1ng gi\u00e1 nh\u1ea5t ng\u00e0nh, c\u00f3 kinh nghi\u1ec7m v\u1ec1 c\u01a1 s\u1edf h\u1ea1 t\u1ea7ng giao d\u1ecbch \u0111i\u1ec7n t\u1eed, ph\u00e2n t\u00edch d\u1eef li\u1ec7u t\u00e0i ch\u00ednh, k\u1ebft n\u1ed1i FIX v\u00e0 kh\u1edbp l\u1ec7nh.&nbsp; \u0110\u1ed9i ng\u0169 \u0111\u00e3 \u0111\u01b0\u1ee3c tuy\u1ec3n d\u1ee5ng nh\u1edd v\u00e0o ki\u1ebfn th\u1ee9c c\u1ee7a m\u00ecnh trong ng\u00e0nh \u0111\u1ec3 cung c\u1ea5p c\u00e1c gi\u1ea3i ph\u00e1p hi\u1ec7n \u0111\u1ea1i v\u00e0 x\u00e2y d\u1ef1ng m\u00f4i tr\u01b0\u1eddng giao d\u1ecbch t\u1ed1t nh\u1ea5t cho kh\u00e1ch h\u00e0ng c\u1ee7a ch\u00fang t\u00f4i.<\/p>\n<p class=\"media__paragraph\" data-edit=\"text\">Nhi\u1ec7m v\u1ee5 c\u1ee7a ch\u00fang t\u00f4i l\u00e0 \u0111\u00e1p \u1ee9ng nhu c\u1ea7u ng\u00e0y c\u00e0ng t\u0103ng c\u1ee7a c\u00e1c kh\u00e1ch h\u00e0ng chuy\u00ean nghi\u1ec7p c\u0169ng nh\u01b0 c\u00e1c t\u1ed5 ch\u1ee9c&nbsp; tr\u00ean to\u00e0n th\u1ebf gi\u1edbi th\u00f4ng qua n\u1ec1n t\u1ea3ng back-end \u0111\u01b0\u1ee3c x\u00e2y d\u1ef1ng v\u1eefng ch\u1eafc v\u00e0 c\u00e1c c\u00f4ng c\u1ee5 Qu\u1ea3n l\u00fd quan h\u1ec7 kh\u00e1ch h\u00e0ng (CRM).<\/p>\n\n<\/div>\n<div class=\"media__media\">\n<ul class=\"list list_ugly-tasks\">\n \t<li class=\"list__item\">\n<div class=\"list__text\" data-edit=\"text\">QU\u1ea2N L\u00dd R\u1ee6I RO &amp; GIAO D\u1ecaCH CAO C\u1ea4P<\/div><\/li>\n \t<li class=\"list__item\">\n<div class=\"list__text\" data-edit=\"text\">\n<div>CHO PH\u00c9P THI\u1ebeT L\u1eacP L\u1ef0A CH\u1eccN \u0110\u00d2N B\u1ea8Y T\u00c0I CH\u00cdNH&nbsp;<span class=\"\" style=\"font-size: 1.5rem; background-color: var(--catskill-white); text-align: inherit;\" data-edit=\"text\">V\u1edaI M\u1eccI L\u1ec6NH<\/span><\/div>\n<\/div><\/li>\n \t<li class=\"list__item\">\n<div class=\"list__text\" data-edit=\"text\">\n<div>KH\u1ea2 N\u0102NG M\u1ede R\u1ed8NG V\u00c0 H\u1ed6 TR\u1ee2 KH\u00d4NG GI\u1edaI H\u1ea0N<span class=\"\" style=\"font-size: 1.5rem; background-color: var(--catskill-white); text-align: inherit;\" data-edit=\"text\">S\u1ed0 NG\u01af\u1edcI D\u00d9NG THEO TH\u1edcI GIAN TH\u1ef0C<\/span><\/div>\n<\/div><\/li>\n<\/ul>\n<\/div>\n<\/div>\n<\/div>\n<\/div>\n<div class=\"zeal-details__about-ld4\">\n<div class=\"container container--content\">\n<div class=\"media media_base media_zeal_about-ld4 text-midnight-blue\">\n<h2 class=\"media__title\" data-edit=\"text\">Trung t\u00e2m d\u1eef li\u1ec7u Equinix LD4<\/h2>\n<div class=\"media__text\">\n<p class=\"media__paragraph\" spellcheck=\"false\" data-edit=\"text\">Kh\u00e1ch h\u00e0ng c\u1ee7a ZFX hi\u1ec7n c\u00f3 th\u1ec3 truy c\u1eadp c\u00e1c m\u1ea1ng kh\u00e1c nhau t\u1eeb Equinix LD4 (V\u01b0\u01a1ng qu\u1ed1c Anh). Vi\u1ec7c h\u1ee3p t\u00e1c v\u1edbi ph\u1ea7n l\u1edbn c\u00e1c nh\u00e0 cung c\u1ea5p thanh kho\u1ea3n, s\u00e0n giao d\u1ecbch v\u00e0 m\u00e1y ch\u1ee7 giao d\u1ecbch li\u00ean ng\u00e2n h\u00e0ng gi\u00fap kh\u00e1ch h\u00e0ng nhanh ch\u00f3ng giao d\u1ecbch m\u00e0 kh\u00f4ng g\u1eb7p ph\u1ea3i s\u1ef1 ch\u1eadm tr\u1ec5 do kho\u1ea3ng c\u00e1ch.<\/p>\n\n<\/div>\n<div class=\"media__media\"><img decoding=\"async\" class=\"media__img\" src=\"\/wp-content\/uploads\/2022\/08\/ld4.42b46544.png\" alt=\"About LD4 London\" width=\"712\" height=\"548\" data-edit=\"img\"><\/div>\n<\/div>\n<\/div>\n<\/div>\n<\/div>\n<\/div>\n<div id=\"zeal-details__pane--zeal-bridge\" class=\"tab-pane fade\" role=\"tabpanel\" aria-labelledby=\"zeal-details__tab--zeal-bridge\">\n<div class=\"zeal-details__bridge\">\n<div class=\"media media_base media_zeal_bridge2 text-midnight-blue\">\n<h2 class=\"media__title\" data-edit=\"text\">C\u1ea7u n\u1ed1i Zeal MT4\/MT5<\/h2>\n<div class=\"media__text\">\n<p class=\"media__paragraph\" spellcheck=\"false\" data-edit=\"text\">C\u1ea7u n\u1ed1i ZEAL MT4\/MT5 \u0111\u1ed9c quy\u1ec1n c\u1ee7a ch\u00fang t\u00f4i cho ph\u00e9p ch\u00fang t\u00f4i k\u1ebft n\u1ed1i v\u1edbi nhi\u1ec1u th\u1ecb tr\u01b0\u1eddng t\u00e0i ch\u00ednh, gi\u00fap ch\u00fang t\u00f4i c\u00f3 th\u1ec3 cung c\u1ea5p cho kh\u00e1ch h\u00e0ng c\u1ee7a m\u00ecnh gi\u00e1 ni\u00eam y\u1ebft v\u00e0 gi\u00e1 kh\u1edbp l\u1ec7nh c\u1ea1nh tranh.<\/p>\n<p class=\"media__paragraph\" spellcheck=\"false\" data-edit=\"text\">L\u00f5i c\u1ee7a c\u1ea7u n\u1ed1i Zeal bao g\u1ed3m m\u1ed9t c\u00f4ng c\u1ee5 truy\u1ec1n l\u1ec7nh v\u00e0 \u0111\u1ecbnh gi\u00e1 \u0111\u1ed9 tr\u1ec5 c\u1ef1c th\u1ea5p, cho ch\u00fang t\u00f4i c\u01a1 h\u1ed9i k\u1ebft n\u1ed1i kh\u00e1ch h\u00e0ng c\u1ee7a m\u00ecnh v\u1edbi m\u1ed9t lo\u1ea1t c\u00e1c nh\u00e0 cung c\u1ea5p thanh kho\u1ea3n. C\u1ea7u n\u1ed1i Zeal h\u1ed7 tr\u1ee3 truy\u1ec1n v\u00e0 t\u1ed5ng h\u1ee3p l\u1ec7nh ph\u1ee9c t\u1ea1p, c\u0169ng nh\u01b0 c\u00e1c lu\u1ed3ng thanh kho\u1ea3n nhi\u1ec1u v\u00f9ng \u0111\u1ec3 th\u1ef1c hi\u1ec7n kh\u1ed1i l\u01b0\u1ee3ng giao d\u1ecbch c\u1ef1c cao. \u0110i\u1ec1u n\u00e0y nh\u1eb1m t\u1ea1o \u0111i\u1ec1u ki\u1ec7n d\u1ec5 d\u00e0ng cho c\u00e1c nhu c\u1ea7u c\u1ee7a kh\u00e1ch h\u00e0ng l\u1ebb c\u0169ng nh\u01b0 ph\u1ee5c v\u1ee5 cho ph\u00e2n kh\u00fac t\u1ed5 ch\u1ee9c.<\/p>\n\n<\/div>\n<div class=\"media__media\"><img decoding=\"async\" class=\"media__img\" src=\"\/wp-content\/uploads\/2022\/08\/night-road-plum.618492c2.jpg\" alt=\"Night road plum\" height=\"368\" data-edit=\"img\"><\/div>\n<\/div>\n<div class=\"details-list-wrapper bg-catskill-white\">\n<div class=\"container container--content\">\n<ul class=\"details-list\">\n \t<li class=\"details-list__item\">\n<details class=\"details\" open=\"\">\n<summary class=\"details__summary\"><span class=\"details__summary-text\" data-edit=\"text\">Truy\u1ec1n Giao d\u1ecbch<\/span><\/summary>\n<div class=\"details__text\">\n<p class=\"details__paragraph\" data-edit=\"text\">H\u1ec7 th\u1ed1ng truy\u1ec1n linh ho\u1ea1t cho ph\u00e9p kh\u00e1ch h\u00e0ng c\u1ee7a ch\u00fang t\u00f4i giao d\u1ecbch \u1edf m\u1ee9c gi\u00e1 t\u1ed1t nh\u1ea5t c\u1ee7a nh\u00e0 cung c\u1ea5p thanh kho\u1ea3n theo c\u00e1c thu\u1ed9c t\u00ednh \u0111\u01b0\u1ee3c x\u00e1c \u0111\u1ecbnh tr\u01b0\u1edbc. C\u00f3 th\u1ec3 th\u1ef1c hi\u1ec7n vi\u1ec7c truy\u1ec1n l\u1ec7nh v\u00e0 ch\u1ee9c n\u0103ng b\u00e0n giao d\u1ecbch ph\u1ee9c t\u1ea1p.<\/p>\n\n<\/div>\n<\/details><\/li>\n \t<li class=\"details-list__item\">\n<details class=\"details\" open=\"\">\n<summary class=\"details__summary\"><span class=\"details__summary-text\" data-edit=\"text\">Qu\u1ea3n l\u00fd tr\u1ef1c quan<\/span><\/summary>\n<div class=\"details__text\">\n<p class=\"details__paragraph\" data-edit=\"text\">C\u1ea7u n\u1ed1i qu\u1ea3n l\u00fd \u0111\u1ec3 d\u1ec5 d\u00e0ng l\u00e0m vi\u1ec7c v\u1edbi c\u00e1c nh\u00f3m kh\u00e1ch h\u00e0ng v\u00e0 c\u00f3 c\u00e1c v\u1ecb th\u1ebf gi\u1ea3m r\u1ee7i ro. Qu\u1ea3n l\u00fd ngu\u1ed3n c\u1ea5p d\u1eef li\u1ec7u v\u1edbi vi\u1ec7c \u0111i\u1ec1u ch\u1ec9nh danh s\u00e1ch l\u1ec7nh, m\u1ee9c ch\u00eanh l\u1ec7ch gi\u00e1 mua v\u00e0 gi\u00e1 b\u00e1n t\u1ed1i thi\u1ec3u\/t\u1ed1i \u0111a, h\u1ec7 s\u1ed1 nh\u00e2n.<\/p>\n\n<\/div>\n<\/details><\/li>\n \t<li class=\"details-list__item\">\n<details class=\"details\" open=\"\">\n<summary class=\"details__summary\"><span class=\"details__summary-text\" data-edit=\"text\">L\u1ecdc gi\u00e1 ni\u00eam y\u1ebft<\/span><\/summary>\n<div class=\"details__text\">\n<p class=\"details__paragraph\" data-edit=\"text\">L\u1ecdc ra v\u00e0 ch\u1ec9 hi\u1ec3n th\u1ecb gi\u00e1 mua\/gi\u00e1 b\u00e1n t\u1ed1t nh\u1ea5t t\u1eeb t\u1ea5t c\u1ea3 c\u00e1c nh\u00e0 cung c\u1ea5p thanh kho\u1ea3n. \u0110i\u1ec1u n\u00e0y d\u1ef1a v\u00e0o vi\u00eac kh\u1edbp l\u1ec7nh \u1edf m\u1ee9c gi\u00e1 trung b\u00ecnh theo kh\u1ed1i l\u01b0\u1ee3ng (VWAP) t\u1ed1t nh\u1ea5t c\u1ee7a ch\u00fang t\u00f4i \u0111\u1ed1i v\u1edbi t\u1ea5t c\u1ea3 c\u00e1c giao d\u1ecbch c\u1ee7a b\u1ea1n &#8211; ho\u00e0n to\u00e0n t\u1ef1 \u0111\u1ed9ng.<\/p>\n\n<\/div>\n<\/details><\/li>\n \t<li class=\"details-list__item\">\n<details class=\"details\" open=\"\">\n<summary class=\"details__summary\"><span class=\"details__summary-text\" data-edit=\"text\">Qu\u1ea3n l\u00fd r\u1ee7i ro<\/span><\/summary>\n<div class=\"details__text\">\n<p class=\"details__paragraph\" data-edit=\"text\">Quy t\u1eafc truy\u1ec1n l\u1ec7nh cao c\u1ea5p cho ph\u00e9p c\u00e1c nh\u00e0 m\u00f4i gi\u1edbi t\u1ea1o chi\u1ebfn l\u01b0\u1ee3c gi\u1ea3m r\u1ee7i ro v\u00e0 giao d\u1ecbch t\u00f9y ch\u1ec9nh, cho ph\u00e9p qu\u1ea3n l\u00fd r\u1ee7i ro b\u1ec1n v\u1eefng d\u1ef1a tr\u00ean c\u00e1c tham s\u1ed1 \u0111\u01b0\u1ee3c x\u1ebfp h\u1ea1ng v\u1edbi nhi\u1ec1u b\u00ean \u0111\u1ed1i t\u00e1c.<\/p>\n\n<\/div>\n<\/details><\/li>\n \t<li class=\"details-list__item\">\n<details class=\"details\" open=\"\">\n<summary class=\"details__summary\"><span class=\"details__summary-text\" data-edit=\"text\">B\u00e1o c\u00e1o<\/span><\/summary>\n<div class=\"details__text\">\n<p class=\"details__paragraph\" data-edit=\"text\">D\u1ec5 d\u00e0ng \u0111\u00e1p \u1ee9ng c\u00e1c y\u00eau c\u1ea7u qu\u1ea3n l\u00fd. T\u1ea1o b\u00e1o c\u00e1o t\u00f9y ch\u1ec9nh. Nh\u1eadn v\u00e0 ph\u00e2n t\u00edch d\u1eef li\u1ec7u th\u1ef1c hi\u1ec7n m\u1ed9t c\u00e1ch hi\u1ec7u qu\u1ea3. T\u1ea5t c\u1ea3 c\u00e1c ho\u1ea1t \u0111\u1ed9ng \u0111\u01b0\u1ee3c l\u01b0u tr\u1eef trong c\u01a1 s\u1edf d\u1eef li\u1ec7u MyZFX.<\/p>\n\n<\/div>\n<\/details><\/li>\n \t<li class=\"details-list__item\">\n<details class=\"details\" open=\"\">\n<summary class=\"details__summary\"><span class=\"details__summary-text\" data-edit=\"text\">T\u00ednh minh b\u1ea1ch<\/span><\/summary>\n<div class=\"details__text\">\n<p class=\"details__paragraph\" data-edit=\"text\">Xem tr\u1ef1c ti\u1ebfp c\u00e1c d\u00f2ng gi\u00e1 c\u1ee7a c\u00e1c nh\u00e0 cung c\u1ea5p thanh kho\u1ea3n v\u00e0 \u0111\u00e1nh d\u1ea5u. Danh s\u00e1ch l\u1ec7nh truy\u1ec1n \u0111\u1ebfn M\u00e1y ch\u1ee7 MT4\/MT5.<\/p>\n\n<\/div>\n<\/details><\/li>\n<\/ul>\n<\/div>\n<\/div>\n<\/div>\n<\/div>\n<div id=\"zeal-details__pane--ecn\" class=\"tab-pane fade active show\" role=\"tabpanel\" aria-labelledby=\"zeal-details__tab--ecn\">\n<div class=\"zeal-details__ecn\">\n<div class=\"media media_base media_zeal_ecn text-midnight-blue\">\n<h2 class=\"media__title\" data-edit=\"text\">M\u1ea1ng truy\u1ec1n th\u00f4ng \u0111i\u1ec7n t\u1eed Zeal (ECN)<\/h2>\n<div class=\"media__text\">\n<p class=\"media__paragraph\" spellcheck=\"false\" data-edit=\"text\">Gi\u1ea3i ph\u00e1p thanh kho\u1ea3n ECN c\u1ee7a ch\u00fang t\u00f4i d\u1ef1a tr\u00ean c\u00f4ng ngh\u1ec7 m\u00e1y k\u1ebft n\u1ed1i c\u1ef1c nhanh, \u0111\u1ea3m b\u1ea3o kh\u00f4ng c\u00f3 t\u1ea1o l\u1ea1i gi\u00e1 ni\u00eam y\u1ebft, kh\u00f4ng t\u1eeb ch\u1ed1i v\u00e0 kh\u00f4ng \u00e1p d\u1ee5ng last look (nh\u00e0 cung c\u1ea5p thanh kho\u1ea3n kh\u00f4ng c\u00f3 quy\u1ec1n h\u1ee7y l\u1ec7nh). T\u1ea5t c\u1ea3 c\u00e1c giao d\u1ecbch c\u1ee7a b\u1ea1n \u0111\u01b0\u1ee3c th\u1ef1c hi\u1ec7n \u1edf m\u1ed9t m\u1ee9c gi\u00e1 th\u1ecb tr\u01b0\u1eddng t\u1ed1t. M\u00e1y k\u1ebft n\u1ed1i \u0111\u01b0\u1ee3c c\u00e0i \u0111\u1eb7t ngay b\u00ean c\u1ea1nh c\u00e1c m\u00e1y ch\u1ee7 MT 4 \/ MT5 c\u1ee7a ch\u00fang t\u00f4i \u0111\u1ec3 t\u0103ng t\u1ed1c \u0111\u1ed9 truy\u1ec1n tin v\u00e0 gi\u00fap kh\u00e1ch h\u00e0ng nhanh h\u01a1n m\u1ed9t v\u00e0i micro gi\u00e2y l\u1ee3i th\u1ebf m\u00e0 ch\u00fang t\u00f4i c\u00f3 th\u1ec3 c\u00f3 \u0111\u01b0\u1ee3c. Zeal ECN k\u1ebft h\u1ee3p c\u00e1c m\u1ee9c gi\u00e1 c\u1ea1nh tranh nh\u1ea5t t\u1eeb thanh kho\u1ea3n c\u1ee7a Ng\u00e2n h\u00e0ng v\u00e0 T\u1ed5 ch\u1ee9c T\u00e0i ch\u00ednh kh\u00e1c, \u0111\u1ea3m b\u1ea3o c\u00e1c l\u1ec7nh c\u1ee7a b\u1ea1n \u0111\u01b0\u1ee3c th\u1ef1c hi\u1ec7n \u1edf m\u1ee9c ch\u00eanh l\u1ec7ch gi\u00e1 mua-gi\u00e1 b\u00e1n t\u1ed1t nh\u1ea5t c\u00f3 th\u1ec3 c\u00f3.<\/p>\n<p class=\"media__paragraph\" spellcheck=\"false\" data-edit=\"text\">Zeal Technology ECN \u0111\u01b0\u1ee3c x\u00e2y d\u1ef1ng v\u1edbi h\u01a1n 200 th\u00e0nh ph\u1ea7n v\u00e0 d\u1ef1 \u00e1n, m\u1ed7i th\u00e0nh ph\u1ea7n c\u1ea7n c\u00f3 ngu\u1ed3n l\u1ef1c th\u1eed nghi\u1ec7m v\u00e0 ph\u00e1t tri\u1ec3n \u0111\u00e1ng k\u1ec3.<\/p>\n\n<\/div>\n<div class=\"media__media\"><img decoding=\"async\" class=\"media__img\" src=\"\/wp-content\/uploads\/2022\/08\/microscheme.65999cf6.jpg\" alt=\"Microscheme\" height=\"368\" data-edit=\"img\"><\/div>\n<\/div>\n<div class=\"details-list-wrapper bg-catskill-white\">\n<div class=\"container container--content\">\n<ul class=\"details-list\">\n \t<li class=\"details-list__item\">\n<details class=\"details\" open=\"\">\n<summary class=\"details__summary\"><span class=\"details__summary-text\" data-edit=\"text\">T\u00ednh \u1ea9n danh<\/span><\/summary>\n<div class=\"details__text\">\n<p class=\"details__paragraph\" data-edit=\"text\">Ho\u1ea1t \u0111\u1ed9ng giao d\u1ecbch ECN l\u00e0 \u1ea9n danh, \u0111i\u1ec1u n\u00e0y cho ph\u00e9p c\u00e1c nh\u00e0 giao d\u1ecbch t\u1eadn d\u1ee5ng gi\u00e1 trung t\u00ednh, \u0111\u1ea3m b\u1ea3o r\u1eb1ng c\u00e1c \u0111i\u1ec1u ki\u1ec7n th\u1ecb tr\u01b0\u1eddng th\u1ef1c t\u1ebf lu\u00f4n \u0111\u01b0\u1ee3c ph\u1ea3n \u00e1nh. Kh\u00f4ng c\u00f3 s\u1ef1 thi\u00ean v\u1ecb n\u00e0o \u0111\u1ed1i v\u1edbi \u0111\u1ecbnh h\u01b0\u1edbng c\u1ee7a kh\u00e1ch h\u00e0ng d\u1ef1a tr\u00ean: chi\u1ebfn l\u01b0\u1ee3c giao d\u1ecbch ngo\u1ea1i h\u1ed1i, chi\u1ebfn thu\u1eadt ho\u1eb7c v\u1ecb th\u1ebf th\u1ecb tr\u01b0\u1eddng hi\u1ec7n t\u1ea1i.<\/p>\n\n<\/div>\n<\/details><\/li>\n \t<li class=\"details-list__item\">\n<details class=\"details\" open=\"\">\n<summary class=\"details__summary\"><span class=\"details__summary-text\" data-edit=\"text\">Th\u1ef1c hi\u1ec7n giao d\u1ecbch ngay l\u1eadp t\u1ee9c<\/span><\/summary>\n<div class=\"details__text\">\n<p class=\"details__paragraph\" spellcheck=\"false\" data-edit=\"text\">Kh\u00e1ch h\u00e0ng c\u1ee7a ECN c\u00f3 th\u1ec3 giao d\u1ecbch ngo\u1ea1i h\u1ed1i ngay l\u1eadp t\u1ee9c, t\u1eadn d\u1ee5ng gi\u00e1 t\u1ed1t nh\u1ea5t tr\u00ean th\u1ecb tr\u01b0\u1eddng, v\u1edbi x\u00e1c nh\u1eadn ngay l\u1eadp t\u1ee9c. M\u00f4 h\u00ecnh ECN c\u1ee7a Zeal ng\u0103n ch\u1eb7n s\u1ef1 can thi\u1ec7p c\u1ee7a nh\u1eefng ng\u01b0\u1eddi l\u00e0m gi\u00e1 v\u00e0 kh\u00f4ng c\u00f3 vi\u1ec7c t\u1ea1o l\u1ea1i gi\u00e1 hay s\u1ef1 can thi\u1ec7p c\u1ee7a b\u00e0n giao d\u1ecbch.<\/p>\n\n<\/div>\n<\/details><\/li>\n \t<li class=\"details-list__item\">\n<details class=\"details\" open=\"\">\n<summary class=\"details__summary\"><span class=\"details__summary-text\" data-edit=\"text\">Truy c\u1eadp Thanh kho\u1ea3n<\/span><\/summary>\n<div class=\"details__text\">\n<p class=\"details__paragraph\" data-edit=\"text\">M\u00f4 h\u00ecnh ECN c\u1ee7a ch\u00fang t\u00f4i cung c\u1ea5p cho kh\u00e1ch h\u00e0ng c\u01a1 h\u1ed9i giao d\u1ecbch trong nh\u00f3m thanh kho\u1ea3n to\u00e0n c\u1ea7u c\u1ee7a c\u00e1c t\u1ed5 ch\u1ee9c t\u00e0i ch\u00ednh \u0111\u01b0\u1ee3c \u0111i\u1ec1u ch\u1ec9nh, \u0111\u1ee7 \u0111i\u1ec1u ki\u1ec7n v\u00e0 c\u1ea1nh tranh. Gi\u00e1 \u0111\u01b0\u1ee3c t\u1ed5ng h\u1ee3p t\u1eeb h\u01a1n 12 nh\u00e0 cung c\u1ea5p thanh kho\u1ea3n kh\u00e1c nhau.<\/p>\n\n<\/div>\n<\/details><\/li>\n \t<li class=\"details-list__item\">\n<details class=\"details\" open=\"\">\n<summary class=\"details__summary\"><span class=\"details__summary-text\" data-edit=\"text\">Ngu\u1ed3n c\u1ea5p d\u1eef li\u1ec7u th\u1ecb tr\u01b0\u1eddng\/giao d\u1ecbch ngo\u1ea1i h\u1ed1i \u0111\u01b0\u1ee3c t\u1ef1 \u0111\u1ed9ng h\u00f3a<\/span><\/summary>\n<div class=\"details__text\">\n<p class=\"details__paragraph\" spellcheck=\"false\" data-edit=\"text\">Th\u00f4ng qua giao th\u1ee9c API FIX c\u1ee7a Zeal, kh\u00e1ch h\u00e0ng c\u00f3 th\u1ec3 d\u1ec5 d\u00e0ng k\u1ebft n\u1ed1i c\u00e1c thu\u1eadt to\u00e1n giao d\u1ecbch, chi\u1ebfn l\u01b0\u1ee3c h\u1ed9p \u0111en v\u00e0\/ho\u1eb7c n\u1ec1n t\u1ea3ng giao d\u1ecbch c\u1ee7a h\u1ecd v\u1edbi ngu\u1ed3n c\u1ea5p d\u1eef li\u1ec7u th\u1ecb tr\u01b0\u1eddng v\u00e0 c\u00f4ng c\u1ee5 kh\u1edbp gi\u00e1 \u1edf c\u00f9ng th\u1eddi gian.<\/p>\n\n<\/div>\n<\/details><\/li>\n \t<li class=\"details-list__item\">\n<details class=\"details\" open=\"\">\n<summary class=\"details__summary\"><span class=\"details__summary-text\" data-edit=\"text\">Ch\u00eanh l\u1ec7ch gi\u1eefa gi\u00e1 mua v\u00e0 gi\u00e1 b\u00e1n thay \u0111\u1ed5i<\/span><\/summary>\n<div class=\"details__text\">\n<p class=\"details__paragraph\" spellcheck=\"false\" data-edit=\"text\">ZFX cung c\u1ea5p c\u00e1c m\u1ee9c ch\u00eanh l\u1ec7ch gi\u1eefa gi\u00e1 mua v\u00e0 gi\u00e1 b\u00e1n thay \u0111\u1ed5i. Tr\u00ean ECN, kh\u00e1ch h\u00e0ng c\u00f3 quy\u1ec1n truy c\u1eadp tr\u1ef1c ti\u1ebfp v\u00e0o gi\u00e1 th\u1ecb tr\u01b0\u1eddng. Gi\u00e1 th\u1ecb tr\u01b0\u1eddng bi\u1ebfn \u0111\u1ed9ng ph\u1ea3n \u00e1nh cung, c\u1ea7u, bi\u1ebfn \u0111\u1ed9ng v\u00e0 \u0111i\u1ec1u ki\u1ec7n th\u1ecb tr\u01b0\u1eddng th\u1ef1c s\u1ef1. M\u00f4 h\u00ecnh ECN c\u1ee7a Zeal cho ph\u00e9p kh\u00e1ch h\u00e0ng giao d\u1ecbch v\u1edbi ch\u00eanh l\u1ec7ch gi\u00e1 mua\/gi\u00e1 b\u00e1n th\u1ea5p, th\u1ea5p h\u01a1n m\u1ed9t pip so v\u1edbi \u0111\u1ea1i \u0111a s\u1ed1 m\u1ee9c ch\u00eanh gi\u00e1 trong c\u00e1c \u0111i\u1ec1u ki\u1ec7n th\u1ecb tr\u01b0\u1eddng nh\u1ea5t \u0111\u1ecbnh.<\/p>\n\n<\/div>\n<\/details><\/li>\n<\/ul>\n<\/div>\n<\/div>\n<\/div>\n<\/div>\n<\/div>\n<\/div>\n<script data-edit=\"text\" class=\"\">function e(e){var t=e.currentTarget||e.srcElement,a=t.closest(\".tab--folding\").querySelector(\".tab__folder\"),r=t.id;a.value=r}function t(e){var t=(e.currentTarget||e.srcElement).value,a=document.getElementById(\"\".concat(t)),r=a.hash,n=document.getElementById(\"\".concat(r.replace(\"#\",\"\"))),c=Array.prototype.filter.call(a.parentNode.parentNode.children,function(e){return e!==a.parentNode}),o=Array.prototype.filter.call(n.parentNode.children,function(e){return e!==n});c.forEach(function(e){var t=e.querySelector(\".nav-link\");t.classList.remove(\"active\"),t.setAttribute(\"aria-selected\",\"false\")}),o.forEach(function(e){e.classList.remove(\"active\",\"show\")}),a.classList.add(\"active\"),a.setAttribute(\"aria-selected\",\"true\"),n.classList.add(\"active\",\"show\")}function a(a){var r=a.target||a.srcElement,n=r.querySelectorAll(\".tab--folding\");Array.from(n).forEach(function(a){var n=a.querySelectorAll(\".nav-link\");Array.from(n).forEach(function(t){return t.addEventListener(\"click\",e)}),r.querySelector(\".tab__folder\").addEventListener(\"change\",t)})}function r(e){return function(e){switch(e=e||window.top.location.hash){case\"#zeal-details__tab--overall-advantage\":case\"#zeal-details__tab--zeal-bridge\":case\"#zeal-details__tab--ecn\":var t,a=(t=document.getElementById(\"\".concat(e.replace(\"#\",\"\")))).closest(\".tab--folding\").querySelector(\".tab__folder\");t.click(),a.value=\"\".concat(e.replace(\"#\",\"\"))}}()}document.addEventListener(\"DOMContentLoaded\",r),document.addEventListener(\"hashchange\",r),document.addEventListener(\"DOMContentLoaded\",a);<\/script>\n\n&nbsp;\n\n<\/div>","protected":false},"excerpt":{"rendered":"C\u00f4ng ngh\u1ec7 Zeal Technology \u01afu \u0111i\u1ec3m chung C\u1ea7u n\u1ed1i Zeal MT4\/MT5 M\u1ea1ng truy\u1ec1n th\u00f4ng \u0111i\u1ec7n t\u1eed Zeal (ECN) \u01afu \u0111i\u1ec3m chung C\u1ea7u n\u1ed1i Zeal MT4\/MT5 M\u1ea1ng truy\u1ec1n th\u00f4ng \u0111i\u1ec7n t\u1eed Zeal (ECN) C\u00e1c gi\u1ea3i ph\u00e1p c\u1ee7a Zeal Technology l\u00e0 ch\u00eca kh\u00f3a cho c\u00e1c&nbsp; lo\u1ea1i h\u00ecnh giao d\u1ecbch hi\u1ec7n \u0111\u1ea1i nh\u1ea5t! Ch\u00fang t\u00f4i t\u1ed1i \u01b0u h\u00f3a [&hellip;]","protected":false},"author":100,"featured_media":0,"parent":0,"menu_order":80,"comment_status":"closed","ping_status":"closed","template":"","meta":{"_acf_changed":false,"footnotes":""},"class_list":["post-30629","page","type-page","status-publish","hentry"],"acf":[],"_links":{"self":[{"href":"https:\/\/www.zfxvn.com\/vi\/wp-json\/wp\/v2\/pages\/30629","targetHints":{"allow":["GET"]}}],"collection":[{"href":"https:\/\/www.zfxvn.com\/vi\/wp-json\/wp\/v2\/pages"}],"about":[{"href":"https:\/\/www.zfxvn.com\/vi\/wp-json\/wp\/v2\/types\/page"}],"author":[{"embeddable":true,"href":"https:\/\/www.zfxvn.com\/vi\/wp-json\/wp\/v2\/users\/100"}],"replies":[{"embeddable":true,"href":"https:\/\/www.zfxvn.com\/vi\/wp-json\/wp\/v2\/comments?post=30629"}],"version-history":[{"count":0,"href":"https:\/\/www.zfxvn.com\/vi\/wp-json\/wp\/v2\/pages\/30629\/revisions"}],"wp:attachment":[{"href":"https:\/\/www.zfxvn.com\/vi\/wp-json\/wp\/v2\/media?parent=30629"}],"curies":[{"name":"wp","href":"https:\/\/api.w.org\/{rel}","templated":true}]}}